{"id":14177,"date":"2022-04-22T07:32:52","date_gmt":"2022-04-22T05:32:52","guid":{"rendered":"https:\/\/www.sup-shop.berlin\/informacion-del-pago\/"},"modified":"2022-04-22T07:32:52","modified_gmt":"2022-04-22T05:32:52","slug":"informacion-del-pago","status":"publish","type":"page","link":"https:\/\/www.sup-shop.berlin\/es\/informacion-del-pago\/","title":{"rendered":"Informaci\u00f3n del pago"},"content":{"rendered":"\n<p>El pago se realiza en nuestra tienda en l\u00ednea con tarjeta de cr\u00e9dito (Visa, Mastercard, American Express), Sofort\u00fcberweisung, contra reembolso, GiroPay, PayPal o domiciliaci\u00f3n bancaria SEPA.<\/p>\n\n<p>En el caso de contratos de larga distancia fuera de nuestra tienda online, el pago puede realizarse a trav\u00e9s de Paypal o transferencia bancaria; le daremos nuestros datos de pago en la confirmaci\u00f3n del pedido (por correo electr\u00f3nico). <\/p>\n\n<p>En nuestra tienda puedes pagar en efectivo o con EC\/tarjeta de cr\u00e9dito.<\/p>\n\n<p><strong>Detalles del banco<\/strong><br\/>Cunabi Sports GmbH &#8211; Stand Up Paddler SUP Shop<br\/>IBAN: DE92110101002459299735<br\/>BIC: SOBKDEBBXXX &#8211; solarisBank AG<\/p>\n\n<p><strong>Paypal<\/strong>: <a href=\"mailto:verkauf@sup-shop.berlin\">verkauf@sup-shop.berlin<\/a><\/p>\n\n<div class=\"wp-block-columns\">\n<div class=\"wp-block-column is-vertically-aligned-center lined-list\">\n<ul class=\"lined-list\"><li>Tarjeta de cr\u00e9dito<\/li><li>Sofort\u00fcberweisung: ser\u00e1 redirigido a SOFORT despu\u00e9s de la compra<\/li><li>Giropay: ser\u00e1 redirigido a Giropay<\/li><li>PayPal: ser\u00e1 redirigido a PayPal<\/li><\/ul>\n\n\n<div class=\"wp-block-uagb-icon-list uagb-icon-list__outer-wrap uagb-icon-list__layout-vertical uagb-block-2249f576\"><div class=\"uagb-icon-list__wrap\">\n<div class=\"wp-block-uagb-icon-list-child uagb-icon-list-repeater uagb-icon-list__wrapper uagb-block-c899b97e\"><div class=\"uagb-icon-list__content-wrap\"><span class=\"uagb-icon-list__source-wrap\"><\/span><\/div><\/div>\n<\/div><\/div>\n<\/div>\n<\/div>\n","protected":false},"excerpt":{"rendered":"<p>El pago se realiza en nuestra tienda en l\u00ednea con tarjeta de cr\u00e9dito (Visa, Mastercard, American Express), Sofort\u00fcberweisung, contra reembolso, GiroPay, PayPal o domiciliaci\u00f3n bancaria SEPA. En el caso de\u2026<\/p>\n","protected":false},"author":1,"featured_media":0,"parent":0,"menu_order":0,"comment_status":"closed","ping_status":"closed","template":"pageBasic.php","meta":[],"yst_prominent_words":[120,264,230],"uagb_featured_image_src":{"full":false,"thumbnail":false,"medium":false,"medium_large":false,"large":false,"1536x1536":false,"2048x2048":false,"employee":false,"header_desktop":false,"header_mobile":false,"blog":false,"product_categories":false,"product_icon_benefits":false,"product_image_comparison":false,"product_image_customer":false,"blog-home":false,"woocommerce_thumbnail":false,"woocommerce_single":false,"woocommerce_gallery_thumbnail":false,"shop_catalog":false,"shop_single":false,"shop_thumbnail":false,"ppec_logo_image_size":false,"ppec_header_image_size":false},"uagb_author_info":{"display_name":"supshop","author_link":"https:\/\/www.sup-shop.berlin\/es\/author\/supshop\/"},"uagb_comment_info":0,"uagb_excerpt":"El pago se realiza en nuestra tienda en l\u00ednea con tarjeta de cr\u00e9dito (Visa, Mastercard, American Express), Sofort\u00fcberweisung, contra reembolso, GiroPay, PayPal o domiciliaci\u00f3n bancaria SEPA. En el caso de\u2026","_links":{"self":[{"href":"https:\/\/www.sup-shop.berlin\/es\/wp-json\/wp\/v2\/pages\/14177"}],"collection":[{"href":"https:\/\/www.sup-shop.berlin\/es\/wp-json\/wp\/v2\/pages"}],"about":[{"href":"https:\/\/www.sup-shop.berlin\/es\/wp-json\/wp\/v2\/types\/page"}],"author":[{"embeddable":true,"href":"https:\/\/www.sup-shop.berlin\/es\/wp-json\/wp\/v2\/users\/1"}],"replies":[{"embeddable":true,"href":"https:\/\/www.sup-shop.berlin\/es\/wp-json\/wp\/v2\/comments?post=14177"}],"version-history":[{"count":0,"href":"https:\/\/www.sup-shop.berlin\/es\/wp-json\/wp\/v2\/pages\/14177\/revisions"}],"wp:attachment":[{"href":"https:\/\/www.sup-shop.berlin\/es\/wp-json\/wp\/v2\/media?parent=14177"}],"wp:term":[{"taxonomy":"yst_prominent_words","embeddable":true,"href":"https:\/\/www.sup-shop.berlin\/es\/wp-json\/wp\/v2\/yst_prominent_words?post=14177"}],"curies":[{"name":"wp","href":"https:\/\/api.w.org\/{rel}","templated":true}]}}