{"id":13718,"date":"2019-04-05T11:25:58","date_gmt":"2022-04-20T08:27:19","guid":{"rendered":"https:\/\/www.sup-shop.berlin\/produkt\/remo-jobe-carbon-sup-3-piezas\/"},"modified":"2022-08-01T16:08:33","modified_gmt":"2022-08-01T14:08:33","slug":"remo-jobe-carbon-sup-3-piezas","status":"publish","type":"product","link":"https:\/\/www.sup-shop.berlin\/es\/produkt\/remo-jobe-carbon-sup-3-piezas\/","title":{"rendered":"Remo Jobe Carbon SUP (3 piezas)"},"content":{"rendered":"\n<div class=\"wp-block-columns\">\n<div class=\"wp-block-column\">\n<h2>BENEFICIOS DEL PRODUCTO<\/h2>\n\n\n<section class=\"product-benefits\">\n    <ul><li><div><img src=\"https:\/\/www.sup-shop.berlin\/wp-content\/uploads\/2021\/01\/feder-icon-35px_web-10012021.png\" title=\"material ligero\" alt=\"material ligero\"><\/div><p>Muy ligero y estable.<\/p>\n<\/li><li><div><img src=\"https:\/\/www.sup-shop.berlin\/wp-content\/uploads\/2021\/01\/einfach-zu-transportieren-icon-35px_web-10012021.png\" title=\"f\u00e1cil de transportar\" alt=\"f\u00e1cil de transportar\"><\/div><p>3 partes, compacto transportable<\/p>\n<\/li><li><div><img src=\"https:\/\/www.sup-shop.berlin\/wp-content\/uploads\/2021\/01\/stufenlos-verstellbar-icon-35px_web-10012021.png\" title=\"infinitamente ajustable\" alt=\"stufenlos verstellbar\"><\/div><p>ajustable continuamente hasta 220 cm<\/p>\n<\/li><\/ul><\/section><\/div>\n\n\n\n<div class=\"wp-block-column lined-list\">\n<h2>descripci\u00f3n<\/h2>\n\n\n\n<ul><li><strong>Nivel:<\/strong> Avanzado y Profesionales<\/li><li><strong>Peso:<\/strong> 680g<\/li><li><strong>Material:<\/strong> 100% carbono<\/li><li><strong>tama\u00f1o de la hoja de paleta<\/strong>: 93,3 in\u00b2<\/li><li><strong>alcance de la entrega:<\/strong> 3 piezas. remo incluido bolsillo<\/li><li><strong>Identificaci\u00f3n del producto Jobe:<\/strong> 486721003<\/li><\/ul><\/div>\n<\/div>\n\n<div style=\"height:20px\" aria-hidden=\"true\" class=\"wp-block-spacer\"><\/div>\n\n<div class=\"wp-block-columns\">\n<div class=\"wp-block-column\"><section class=\"product-recommend\">\n\n\t<i class=\"far fa-lightbulb\" aria-hidden=\"true\"><\/i><h3>Nosotros recomendamos:<\/h3><p>Este remo de 3 piezas es perfecto para cualquiera que quiera la mejor propulsi\u00f3n posible con poco esfuerzo.<\/p>\n\n<\/section><\/div>\n\n\n\n<div class=\"wp-block-column\">\n<h2>Beneficios de los remos de carbono<\/h2>\n\n\n\n<p>A la hora de construir remos de SUP, el uso de carbono ofrece las siguientes ventajas:<\/p>\n\n\n<ul class=\"custom-icon-list\"><li><i class=\"far fa-thumbs-up\" aria-hidden=\"true\"><\/i>Bajo peso: poco menos de \u00bd kg. Este remo de bajo peso ahorra esfuerzo al remar, permite una mejor t\u00e9cnica de remo y reduce el dolor potencial en los m\u00fasculos y las articulaciones.<\/li><li><i class=\"far fa-thumbs-up\" aria-hidden=\"true\"><\/i>Alta rigidez del eje de la paleta, lo que significa que se dobla menos al sumergirse y pasar. Mejor transmisi\u00f3n de potencia y m\u00e1xima propulsi\u00f3n.<\/li><\/ul><\/div>\n<\/div>\n\n<div style=\"height:20px\" aria-hidden=\"true\" class=\"wp-block-spacer\"><\/div>\n\n<div class=\"wp-block-columns\">\n<div class=\"wp-block-column\">\n<h2>Carbon SUP Paddle Jobe En 2 variantes<\/h2>\n\n\n\n<p>Ofrecemos el remo SUP de carbono en las variantes: 2, 3 piezas. Todas las variantes est\u00e1n fabricadas con eje y pala 100% carbono y te ofrecen una rigidez muy alta con un peso m\u00ednimo. Cada una de las palas de p\u00e1del est\u00e1 provista de un borde de ABS para proteger contra golpes y rasgu\u00f1os y tiene las siguientes dimensiones: tama\u00f1o de la pala: 93,3 in2; ancho de hoja: 206 mm; \u00c1ngulo de la hoja: 10\u00b0. El c\u00f3modo mango en T tambi\u00e9n est\u00e1 hecho de carbono y est\u00e1 conectado directamente al eje de la paleta.<\/p>\n<\/div>\n\n\n\n<div class=\"wp-block-column\">\n<p>3 piezas: esta variante es Jobe Carbon Pro SUP Paddle 3pc de altura ajustable. El eje de tres partes se ensambla r\u00e1pidamente y tiene una bisagra de clip en la parte superior, para que pueda ajustar la altura de la pala con la misma rapidez y facilidad. Desmontado en sus tres partes, el remo cabe en la mochila de tu tabla y es f\u00e1cil de guardar y transportar.<\/p>\n\n\n\n<p>\u00bfQuieres la m\u00e1xima velocidad y facilidad al remar? <strong>Entonces el carbono es el material de su elecci\u00f3n. <\/strong><\/p>\n<\/div>\n<\/div>\n\n<div style=\"height:20px\" aria-hidden=\"true\" class=\"wp-block-spacer\"><\/div>\n\n<div style=\"height:20px\" aria-hidden=\"true\" class=\"wp-block-spacer\"><\/div>\n\n<div class=\"wp-block-columns\">\n<div class=\"wp-block-column\">\n<h2>experiencia del cliente<\/h2>\n\n\n\n<p>Las experiencias que han tenido nuestros clientes con este producto<\/p>\n<\/div>\n\n\n\n<div class=\"wp-block-column\"><\/div>\n<\/div>\n<section class=\"product-customer-feedback\">\n\n            \n\n\n<\/section>","protected":false},"excerpt":{"rendered":"<p style=\"text-align: left;\"><strong><span style=\"font-size: 100%;\">Env\u00edo inmediato DHL: 1-3 d\u00edas<\/span><\/strong><\/p>\n<p><strong><span style=\"font-size: 100%;\">Material: 100% carbono<\/span><\/strong><\/p>\n<p style=\"text-align: left;\"><strong><span style=\"font-size: 100%;\">Mejor precio garantizado <\/span><\/strong>[text-popup title=\"Nuestro mejor precio garantizado\" text=\"Le garantizamos el precio m\u00e1s barato para este producto. otros distribuidores con sede en Alemania. \u00bfEncontrar una oferta mejor? Env\u00edenos un enlace y espere nuestra oferta.\"]?[\/text-popup]<\/p>\n<hr>\n<p>Remo de carbono de 3 piezas con bolsa<\/p>\n","protected":false},"featured_media":15211,"comment_status":"open","ping_status":"closed","template":"","meta":[],"yst_prominent_words":[659,362,855,350,1245,349,338,360,376,168,391,353,550,191,335,1118,361,359],"_links":{"self":[{"href":"https:\/\/www.sup-shop.berlin\/es\/wp-json\/wp\/v2\/product\/13718"}],"collection":[{"href":"https:\/\/www.sup-shop.berlin\/es\/wp-json\/wp\/v2\/product"}],"about":[{"href":"https:\/\/www.sup-shop.berlin\/es\/wp-json\/wp\/v2\/types\/product"}],"replies":[{"embeddable":true,"href":"https:\/\/www.sup-shop.berlin\/es\/wp-json\/wp\/v2\/comments?post=13718"}],"wp:featuredmedia":[{"embeddable":true,"href":"https:\/\/www.sup-shop.berlin\/es\/wp-json\/wp\/v2\/media\/15211"}],"wp:attachment":[{"href":"https:\/\/www.sup-shop.berlin\/es\/wp-json\/wp\/v2\/media?parent=13718"}],"wp:term":[{"taxonomy":"yst_prominent_words","embeddable":true,"href":"https:\/\/www.sup-shop.berlin\/es\/wp-json\/wp\/v2\/yst_prominent_words?post=13718"}],"curies":[{"name":"wp","href":"https:\/\/api.w.org\/{rel}","templated":true}]}}