{"id":13931,"date":"2019-04-05T12:23:01","date_gmt":"2022-04-21T05:02:47","guid":{"rendered":"https:\/\/www.sup-shop.berlin\/produkt\/dry-fashion-sup-traje-seco-advance-performance\/"},"modified":"2022-04-21T07:02:57","modified_gmt":"2022-04-21T05:02:57","slug":"dry-fashion-sup-traje-seco-advance-performance","status":"publish","type":"product","link":"https:\/\/www.sup-shop.berlin\/es\/produkt\/dry-fashion-sup-traje-seco-advance-performance\/","title":{"rendered":"Dry Fashion SUP Traje Seco Advance &amp; Performance"},"content":{"rendered":"\n<h2>Moda Seca &#8211; LA MARCA<\/h2>\n\n<p>Traje seco ligero, resistente al viento y al agua, transpirable de Dry <a href=\"https:\/\/www.dryfashion.de\/\">Fashion con el<\/a>mejor precio garantizado. El especialista en trajes secos en Alemania, con m\u00e1s de 30 a\u00f1os de experiencia. Los productos se fabrican \u00edntegramente en Hamburgo y se encuentran entre los m\u00e1s vendidos del pa\u00eds.<\/p>\n\n<p>Tambi\u00e9n es adecuado para otros deportes acu\u00e1ticos como el <a href=\"https:\/\/www.sup-shop.berlin\/trockenanzug\/\">kitesurf<\/a>o el e-foil. La ropa perfecta para los deportes <a href=\"https:\/\/www.sup-shop.berlin\/sup-winter\/\">acu\u00e1ticos en invierno.<\/a> <\/p>\n\n<div style=\"height:20px\" aria-hidden=\"true\" class=\"wp-block-spacer\"><\/div>\n\n<div class=\"wp-block-columns lined-list\">\n<div class=\"wp-block-column\">\n<h2>TRAJE SUP ADVANCE<\/h2>\n\n\n\n<ul><li><strong>Caracter\u00edsticas:<\/strong> cuello de neopreno agradablemente suave, cremallera recta y bolsillo interior<\/li><li><strong>Peso<\/strong> aproximado. 750g<\/li><li><strong>Tama\u00f1os y colores disponibles:<\/strong> gr. 164\/XS en blanco\/rojo. Si no tenemos tu talla o color en stock, te confeccionaremos el traje en aproximadamente 18 semanas.<\/li><\/ul>\n\n\n<div style=\"height:10px\" aria-hidden=\"true\" class=\"wp-block-spacer\"><\/div>\n\n\n\n<p><\/p>\n<\/div>\n\n\n\n<div class=\"wp-block-column\">\n<h2>TRAJE DE RENDIMIENTO SUP<\/h2>\n\n\n\n<ul id=\"block-12bd964a-f84e-4448-aae6-a7e5631c62a4\"><li><strong>Caracter\u00edsticas:<\/strong> cierres de neopreno agradablemente suaves en el cuello y los brazos, as\u00ed como una cremallera inclinada<\/li><li><strong>Peso<\/strong> aproximado. 850g<\/li><li><strong>Tama\u00f1os y colores disponibles:<\/strong> gr. L negro\/verde. Si no tenemos tu talla o color en stock, te confeccionaremos el traje en aproximadamente 18 semanas.<\/li><\/ul><\/div>\n<\/div>\n\n<div class=\"wp-container-1 wp-block-group\"><div class=\"wp-block-group__inner-container\"><\/div><\/div>\n\n<div class=\"wp-block-columns\">\n<div class=\"wp-block-column\"><section class=\"product-comparison\">\n    <div class=\"container\">\n        <div class=\"row\">\n\n\t        \n                <div class=\"col-sm-4 col-6 offset-md-2 left-box\">\n\t\t\t        <span class=\"headline\">Al frente<\/span>\n\t\t\t        <img src=\"https:\/\/www.sup-shop.berlin\/wp-content\/uploads\/2021\/02\/SUP-Advance_dryfashion_front-4-250x400.png\" title=\"\" alt=\"\">\n                <\/div>\n\n\t        \n\n\t        \n                <div class=\"col-sm-4 col-6\">\n\t\t\t        <span class=\"headline\">Trasero<\/span>\n\t\t\t        <img src=\"https:\/\/www.sup-shop.berlin\/wp-content\/uploads\/2019\/04\/sup-advance_dryfashion-250x400.png\" title=\"sup-advance_dryfashion\" alt=\"Dryfasion sup avance\">\n                <\/div>\n\n\t        \n\n\n\n\n\n        <\/div>\n    <\/div>\n<\/section>\n\n\n<p><\/p>\n<\/div>\n\n\n\n<div class=\"wp-block-column\"><section class=\"product-comparison\">\n    <div class=\"container\">\n        <div class=\"row\">\n\n\t        \n                <div class=\"col-sm-4 col-6 offset-md-2 left-box\">\n\t\t\t        <span class=\"headline\">Al frente<\/span>\n\t\t\t        <img src=\"https:\/\/www.sup-shop.berlin\/wp-content\/uploads\/2021\/02\/Dryfashion-SUP-Performance-front-250x400.png\" title=\"Frente Dryfashion SUP Performance\" alt=\"Dryfashion-SUP-Performance-front\">\n                <\/div>\n\n\t        \n\n\t        \n                <div class=\"col-sm-4 col-6\">\n\t\t\t        <span class=\"headline\">Trasero<\/span>\n\t\t\t        <img src=\"https:\/\/www.sup-shop.berlin\/wp-content\/uploads\/2021\/02\/sup-performance_dryfashion_back-250x400.png\" title=\"\" alt=\"\">\n                <\/div>\n\n\t        \n\n\n\n\n\n        <\/div>\n    <\/div>\n<\/section><\/div>\n<\/div>\n\n<div class=\"wp-block-columns\">\n<div class=\"wp-block-column lined-list\">\n<h2>material<\/h2>\n\n\n\n<p>El traje est\u00e1 hecho de material DFX3 con 3 capas. Se compone de un tejido exterior, una membrana y un forro interior. <a href=\"https:\/\/www.sup-shop.berlin\/sup-wind\/\">Protege contra el viento<\/a> y el agua.<\/p>\n\n\n\n<ul><li><strong>Material exterior:<\/strong> nailon resistente<\/li><li><strong>Capa intermedia:<\/strong> membrana microporosa<\/li><li><strong>Material interior:<\/strong> tricot de poli\u00e9ster suave<\/li><\/ul>\n\n\n<p><\/p>\n<\/div>\n\n\n\n<div class=\"wp-block-column is-vertically-aligned-center\">\n<figure class=\"wp-block-image size-large is-resized\"><img src=\"https:\/\/www.sup-shop.berlin\/wp-content\/uploads\/2019\/04\/Trockenanzug-Dry-Fashion-DFX3-Material-Funktionsweise.jpg\" alt=\"Traje seco Dry Fashion DFX3 Material Funcionalidad - SUP Shop Berlin | remador de pie\" class=\"wp-image-13957\" width=\"564\" height=\"401\" srcset=\"https:\/\/www.sup-shop.berlin\/wp-content\/uploads\/2019\/04\/Trockenanzug-Dry-Fashion-DFX3-Material-Funktionsweise.jpg 968w, https:\/\/www.sup-shop.berlin\/wp-content\/uploads\/2019\/04\/Trockenanzug-Dry-Fashion-DFX3-Material-Funktionsweise-561x400.jpg 561w, https:\/\/www.sup-shop.berlin\/wp-content\/uploads\/2019\/04\/Trockenanzug-Dry-Fashion-DFX3-Material-Funktionsweise-768x547.jpg 768w, https:\/\/www.sup-shop.berlin\/wp-content\/uploads\/2019\/04\/Trockenanzug-Dry-Fashion-DFX3-Material-Funktionsweise-600x428.jpg 600w\" sizes=\"(max-width: 564px) 100vw, 564px\" \/><\/figure><\/div>\n<\/div>\n\n<div style=\"height:10px\" aria-hidden=\"true\" class=\"wp-block-spacer\"><\/div>\n\n<div class=\"wp-block-columns\">\n<div class=\"wp-block-column lined-list\">\n<h2>pu\u00f1os<\/h2>\n\n\n\n<p>Para lograr la m\u00e1xima resistencia al agua, las mu\u00f1equeras para brazos y piernas deben quedar bien ajustadas. Por supuesto, esto siempre toma un poco de tiempo para acostumbrarse.<\/p>\n\n\n\n<div style=\"height:10px\" aria-hidden=\"true\" class=\"wp-block-spacer\"><\/div>\n\n\n\n<ul><li><strong>Acabado de cuello de neopreno agradablemente suave<\/strong><\/li><li><strong>Mu\u00f1equeras de neopreno<\/strong><\/li><li><strong>Tobilleras de l\u00e1tex<\/strong><\/li><\/ul>\n\n\n<div style=\"height:10px\" aria-hidden=\"true\" class=\"wp-block-spacer\"><\/div>\n\n\n\n<p>Al ponerse el traje seco, debe prestar atenci\u00f3n a lo siguiente: No use objetos afilados, como pulseras, relojes o anillos, y p\u00f3ngalos en contacto con los pu\u00f1os. Adem\u00e1s, las aberturas de los <strong>manguitos deben<\/strong> separarse con <strong>ambas manos<\/strong> al ajustar. De esta forma evitas una carga unilateral. Debes prestar especial atenci\u00f3n a esto con los pu\u00f1os de los tobillos. Nunca presione el pie por aqu\u00ed, ya que esto puede da\u00f1ar las costuras.<\/p>\n\n\n\n<p>Los pu\u00f1os del traje seco tienen una gran superficie de contacto para lograr la m\u00e1xima impermeabilidad. Por lo tanto, las esposas de brazos y piernas no deben cortarse. Los pu\u00f1os tienen que quedar ajustados y, por lo tanto, cuesta un poco acostumbrarse. <strong>Solo el sello del cuello de l\u00e1tex tiene una forma c\u00f3nica y se puede expandir.<\/strong> Las l\u00edneas est\u00e1n marcadas para esto y es mejor cortarlas con un cuchillo afilado.<\/p>\n<\/div>\n\n\n\n<div class=\"wp-block-column lined-list\">\n<h2><strong>Otras caracter\u00edsticas<\/strong><\/h2>\n\n\n\n<p><a href=\"https:\/\/www.sup-shop.berlin\/#berlin-oeffnungszeit\">Ac\u00e9rcate a nuestra tienda<\/a>, mira los trajes secos, encuentra la talla adecuada y consigue el mejor precio del mercado, garantizado.<\/p>\n\n\n\n<div style=\"height:10px\" aria-hidden=\"true\" class=\"wp-block-spacer\"><\/div>\n\n\n\n<ul><li><strong>Parte trasera extendida para m\u00e1x. libertad de movimiento<\/strong><\/li><li><strong>Cremallera YKK<\/strong><\/li><li><strong>Los trajes secos son unisex gracias a la cintura ajustable con cierres de velcro.<\/strong><\/li><\/ul>\n\n\n<p><\/p>\n\n\n\n<h2>Cuidado y Limpieza<\/h2>\n\n\n\n<p>Despu\u00e9s de cada uso, los pu\u00f1os deben limpiarse con agua dulce y tratarse <strong>frecuentemente con el spray<\/strong> de cuidado Dry Fashion. Para el almacenamiento, guarde el traje sin arrugas y preferiblemente colgado. En el mejor de los <strong>casos entre 10\u00b0C y 25\u00b0C.<\/strong> Para un almacenamiento m\u00e1s prolongado, coloque los pu\u00f1os en las aberturas de los brazos y los pies para protegerlos de la sequedad lo mejor posible.<\/p>\n\n\n\n<p><strong>Notas importantes sobre la limpieza de los trajes secos:<\/strong> Limpiar con agua dulce despu\u00e9s de cada uso y no lavar en lavadora. Tampoco se debe utilizar detergente, as\u00ed como lej\u00eda y suavizante. Deje que el traje seco se seque primero por dentro y luego por fuera.<\/p>\n<\/div>\n<\/div>\n\n<div style=\"height:10px\" aria-hidden=\"true\" class=\"wp-block-spacer\"><\/div>\n<section class=\"product-questions\">\n    <div class=\"row\">\n        <div class=\"col-md-6\">\n\t        <h3>NOSOTROS TE ACONSEJAMOS<\/h3><p>\u00bfA\u00fan tienes preguntas? Estaremos encantados de asesorarle personalmente. \u00a1Ponerse en contacto!<\/p>\n        <\/div>\n\n        <div class=\"col-md-6\">\n            <ul>\n\t\t                    <\/ul>\n        <\/div>\n    <\/div>\n<\/section>\n<div style=\"height:10px\" aria-hidden=\"true\" class=\"wp-block-spacer\"><\/div>\n\n<div class=\"wp-block-columns\">\n<div class=\"wp-block-column\">\n<h2>Carta del tama\u00f1o<\/h2>\n\n\n\n<p>Un traje seco debe quedarte bien. Aqu\u00ed ya puede determinar aproximadamente qu\u00e9 tama\u00f1o es adecuado para usted. Seg\u00fan nuestra experiencia, lo mejor es probarse el traje en nuestras instalaciones. <\/p>\n\n\n\n<p>Al final, los matices suelen decidir cu\u00e1l es el tama\u00f1o adecuado. Porque tambi\u00e9n es muy importante qu\u00e9 tan bien se ajusten los pu\u00f1os del cuello, las manos y los tobillos y qu\u00e9 tan bien pueda ponerse el traje.<\/p>\n\n\n\n<p><\/p>\n<\/div>\n\n\n\n<div class=\"wp-block-column\">\n<div class=\"wp-block-image\"><figure class=\"aligncenter size-large\"><img src=\"https:\/\/www.sup-shop.berlin\/wp-content\/uploads\/2019\/04\/Dry-Fashion-SUP-Trockenanzug-Gr&#xF6;&#xDF;entabelle.png\" alt=\"Tabla de tallas de trajes secos Dry Fashion SUP\" class=\"wp-image-2421\"\/><\/figure><\/div>\n<\/div>\n<\/div>\n\n<div class=\"wp-block-columns\">\n<div class=\"wp-block-column\">\n<h2>Traje seco a medida<\/h2>\n\n\n\n<p>\u00bfLas tallas est\u00e1ndar no te quedan bien? No hay problema: estaremos encantados de encargarnos de un producto individual hecho a medida para usted.<br\/>Los costos adicionales son m\u00e1s 150\u20ac incluido IVA<\/p>\n\n\n\n<p>Con un traje individual a medida, opcionalmente puede agregar una serie de extras por un cargo adicional. Elija entre las siguientes opciones:<\/p>\n<\/div>\n\n\n\n<div class=\"wp-block-column\">\n<figure class=\"wp-block-image size-large\"><img width=\"714\" height=\"800\" src=\"https:\/\/www.sup-shop.berlin\/wp-content\/uploads\/2021\/02\/Screenshot-Dryfashion-Extras-1-714x800.png\" alt=\"\" class=\"wp-image-13961\" srcset=\"https:\/\/www.sup-shop.berlin\/wp-content\/uploads\/2021\/02\/Screenshot-Dryfashion-Extras-1-714x800.png 714w, https:\/\/www.sup-shop.berlin\/wp-content\/uploads\/2021\/02\/Screenshot-Dryfashion-Extras-1-357x400.png 357w, https:\/\/www.sup-shop.berlin\/wp-content\/uploads\/2021\/02\/Screenshot-Dryfashion-Extras-1-768x861.png 768w, https:\/\/www.sup-shop.berlin\/wp-content\/uploads\/2021\/02\/Screenshot-Dryfashion-Extras-1-600x673.png 600w, https:\/\/www.sup-shop.berlin\/wp-content\/uploads\/2021\/02\/Screenshot-Dryfashion-Extras-1-54x60.png 54w, https:\/\/www.sup-shop.berlin\/wp-content\/uploads\/2021\/02\/Screenshot-Dryfashion-Extras-1-80x90.png 80w, https:\/\/www.sup-shop.berlin\/wp-content\/uploads\/2021\/02\/Screenshot-Dryfashion-Extras-1.png 1256w\" sizes=\"(max-width: 714px) 100vw, 714px\" \/><\/figure><\/div>\n<\/div>\n\n<div style=\"height:10px\" aria-hidden=\"true\" class=\"wp-block-spacer\"><\/div>\n\n<div style=\"height:10px\" aria-hidden=\"true\" class=\"wp-block-spacer\"><\/div>\n","protected":false},"excerpt":{"rendered":"<p><b>Disponible inmediatamente: env\u00edo DHL 1-2 d\u00edas laborables<\/b><\/p>\n<p><strong><span style=\"font-size: 100%;\">Asesoramiento y pedidos anticipados son bienvenidos por tel\u00e9fono y correo <a href=\"mailto:verkauf@sup-shop.berlin\">electr\u00f3nico<\/a><\/span><\/strong><\/p>\n<p style=\"text-align: left;\"><strong><span style=\"font-size: 100%;\">Pru\u00e9balo en nuestra tienda<\/span><\/strong><\/p>\n<p style=\"text-align: left;\"><strong><span style=\"font-size: 100%;\">Mejor precio garantizado <\/span><\/strong>[text-popup title=\"Nuestro mejor precio garantizado\" text=\"Le garantizamos el precio m\u00e1s barato para este producto. otros distribuidores con sede en Alemania. \u00bfEncontrar una oferta mejor? Env\u00edenos un enlace y espere nuestra oferta.\"]?[\/text-popup]<\/p>\n<hr>\n<p>SUP Advanced (blanco\/rojo) y SUP Performance (negro\/verde)<\/p>\n","protected":false},"featured_media":13932,"comment_status":"open","ping_status":"closed","template":"","meta":[],"yst_prominent_words":[396,365,366,364,363],"_links":{"self":[{"href":"https:\/\/www.sup-shop.berlin\/es\/wp-json\/wp\/v2\/product\/13931"}],"collection":[{"href":"https:\/\/www.sup-shop.berlin\/es\/wp-json\/wp\/v2\/product"}],"about":[{"href":"https:\/\/www.sup-shop.berlin\/es\/wp-json\/wp\/v2\/types\/product"}],"replies":[{"embeddable":true,"href":"https:\/\/www.sup-shop.berlin\/es\/wp-json\/wp\/v2\/comments?post=13931"}],"wp:featuredmedia":[{"embeddable":true,"href":"https:\/\/www.sup-shop.berlin\/es\/wp-json\/wp\/v2\/media\/13932"}],"wp:attachment":[{"href":"https:\/\/www.sup-shop.berlin\/es\/wp-json\/wp\/v2\/media?parent=13931"}],"wp:term":[{"taxonomy":"yst_prominent_words","embeddable":true,"href":"https:\/\/www.sup-shop.berlin\/es\/wp-json\/wp\/v2\/yst_prominent_words?post=13931"}],"curies":[{"name":"wp","href":"https:\/\/api.w.org\/{rel}","templated":true}]}}