{"id":13974,"date":"2019-04-30T17:07:38","date_gmt":"2022-04-21T05:15:44","guid":{"rendered":"https:\/\/www.sup-shop.berlin\/produkt\/remo-sup-jobe-carbon-pro-2-piezas\/"},"modified":"2022-08-17T12:27:41","modified_gmt":"2022-08-17T10:27:41","slug":"remo-sup-jobe-carbon-pro-2-piezas","status":"publish","type":"product","link":"https:\/\/www.sup-shop.berlin\/es\/produkt\/remo-sup-jobe-carbon-pro-2-piezas\/","title":{"rendered":"Remo SUP Jobe Carbon Pro (2 piezas)"},"content":{"rendered":"\n<div class=\"wp-block-columns\">\n<div class=\"wp-block-column\">\n<h2>BENEFICIOS DEL PRODUCTO<\/h2>\n\n\n<section class=\"product-benefits\">\n    <ul><li><div><img src=\"https:\/\/www.sup-shop.berlin\/wp-content\/uploads\/2021\/01\/feder-icon-35px_web-10012021.png\" title=\"material ligero\" alt=\"material ligero\"><\/div><p>Muy ligero y estable.<\/p>\n<\/li><li><div><img src=\"https:\/\/www.sup-shop.berlin\/wp-content\/uploads\/2021\/01\/einfach-zu-transportieren-icon-35px_web-10012021.png\" title=\"f\u00e1cil de transportar\" alt=\"f\u00e1cil de transportar\"><\/div><p>2 partes, f\u00e1cil de transportar<\/p>\n<\/li><li><div><img src=\"https:\/\/www.sup-shop.berlin\/wp-content\/uploads\/2021\/01\/stufenlos-verstellbar-icon-35px_web-10012021.png\" title=\"infinitamente ajustable\" alt=\"stufenlos verstellbar\"><\/div><p>ajustable continuamente hasta 220 cm<\/p>\n<\/li><\/ul><\/section><\/div>\n\n\n\n<div class=\"wp-block-column lined-list\">\n<h2>DESCRIPCI\u00d3N<\/h2>\n\n\n\n<ul><li><strong>Nivel:<\/strong> Avanzado y Profesionales<\/li><li><strong>Peso:<\/strong> 630g<\/li><li><strong>Material:<\/strong> 100% carbono<\/li><li><strong>Tama\u00f1o de la hoja de paleta:<\/strong> 93.3 in\u00b2<\/li><li><strong>Volumen de suministro:<\/strong> paleta de 2 partes<\/li><li><strong>Identificaci\u00f3n del producto Jobe:<\/strong> 486721002<\/li><\/ul><\/div>\n<\/div>\n\n<div style=\"height:20px\" aria-hidden=\"true\" class=\"wp-block-spacer\"><\/div>\n\n<div class=\"wp-block-columns\">\n<div class=\"wp-block-column\"><section class=\"product-recommend\">\n\n\t<i class=\"far fa-lightbulb\" aria-hidden=\"true\"><\/i><h3>Nosotros recomendamos: <\/h3><p>Este remo de carbono de 2 partes es ideal en combinaci\u00f3n con una tabla de touring o con nuestras tablas duras.<\/p>\n\n<\/section><\/div>\n\n\n\n<div class=\"wp-block-column\">\n<h2>VENTAJAS PADEL CARBONO<\/h2>\n\n\n\n<p>A la hora de construir remos de SUP, el uso de carbono ofrece las siguientes ventajas:<\/p>\n\n\n<ul class=\"custom-icon-list\"><li><i class=\"far fa-thumbs-up\" aria-hidden=\"true\"><\/i>Bajo peso muerto: poco menos de \u00bd kg. Este remo de bajo peso ahorra esfuerzo al remar, permite una mejor t\u00e9cnica de remo y reduce el dolor potencial en los m\u00fasculos y las articulaciones.<\/li><li><i class=\"far fa-thumbs-up\" aria-hidden=\"true\"><\/i>Alta rigidez del eje de la paleta, lo que significa que se dobla menos al sumergirse y pasar. Mejor transmisi\u00f3n de potencia y m\u00e1xima propulsi\u00f3n.<\/li><\/ul><\/div>\n<\/div>\n\n<div style=\"height:20px\" aria-hidden=\"true\" class=\"wp-block-spacer\"><\/div>\n\n<div style=\"height:20px\" aria-hidden=\"true\" class=\"wp-block-spacer\"><\/div>\n\n<div class=\"wp-block-columns\">\n<div class=\"wp-block-column\">\n<h2>experiencia del cliente<\/h2>\n\n\n\n<p>Las experiencias que han tenido nuestros clientes con este producto<\/p>\n<\/div>\n\n\n\n<div class=\"wp-block-column\"><\/div>\n<\/div>\n<section class=\"product-customer-feedback\">\n\n            \n\n\n<\/section>","protected":false},"excerpt":{"rendered":"<p style=\"text-align: left;\"><strong><span style=\"font-size: 100%;\">Env\u00edo inmediato DHL: 1-3 d\u00edas<\/span><\/strong><\/p>\n<p><strong><span style=\"font-size: 100%;\">Material: 100% carbono<\/span><\/strong><\/p>\n<hr>\n<p>2-teiliges Carbon Paddel<\/p>\n","protected":false},"featured_media":13975,"comment_status":"open","ping_status":"closed","template":"","meta":[],"yst_prominent_words":[347,1245,391,169,359],"_links":{"self":[{"href":"https:\/\/www.sup-shop.berlin\/es\/wp-json\/wp\/v2\/product\/13974"}],"collection":[{"href":"https:\/\/www.sup-shop.berlin\/es\/wp-json\/wp\/v2\/product"}],"about":[{"href":"https:\/\/www.sup-shop.berlin\/es\/wp-json\/wp\/v2\/types\/product"}],"replies":[{"embeddable":true,"href":"https:\/\/www.sup-shop.berlin\/es\/wp-json\/wp\/v2\/comments?post=13974"}],"wp:featuredmedia":[{"embeddable":true,"href":"https:\/\/www.sup-shop.berlin\/es\/wp-json\/wp\/v2\/media\/13975"}],"wp:attachment":[{"href":"https:\/\/www.sup-shop.berlin\/es\/wp-json\/wp\/v2\/media?parent=13974"}],"wp:term":[{"taxonomy":"yst_prominent_words","embeddable":true,"href":"https:\/\/www.sup-shop.berlin\/es\/wp-json\/wp\/v2\/yst_prominent_words?post=13974"}],"curies":[{"name":"wp","href":"https:\/\/api.w.org\/{rel}","templated":true}]}}