{"id":13982,"date":"2019-10-31T13:53:12","date_gmt":"2022-04-21T05:36:47","guid":{"rendered":"https:\/\/www.sup-shop.berlin\/produkt\/sup-bomba-electrica-12v\/"},"modified":"2023-03-23T11:12:15","modified_gmt":"2023-03-23T10:12:15","slug":"sup-bomba-electrica-12v","status":"publish","type":"product","link":"https:\/\/www.sup-shop.berlin\/es\/produkt\/sup-bomba-electrica-12v\/","title":{"rendered":"SUP bomba el\u00e9ctrica 12V"},"content":{"rendered":"\n<div style=\"height:20px\" aria-hidden=\"true\" class=\"wp-block-spacer\"><\/div>\n\n<div class=\"wp-block-columns lined-list\">\n<div class=\"wp-block-column\">\n<h2>VENTAJAS Bomba SUP El\u00e9ctrica<\/h2>\n\n\n\n<ul><li>Nunca m\u00e1s te bombees<\/li><li>La electrobomba SUP se apaga autom\u00e1ticamente cuando se ajusta la presi\u00f3n<\/li><li>Conexi\u00f3n para encendedor de cigarrillos 12V para el autom\u00f3vil: \u00a1ideal para viajar!<\/li><li>Adaptador opcional con 2 pinzas para bater\u00edas peque\u00f1as de 12V incluidas<\/li><\/ul>\n<\/div>\n\n\n\n<div class=\"wp-block-column\">\n<h2>DETALLES DE PRODUCTO<\/h2>\n\n\n\n<ul><li><strong>Conexi\u00f3n:<\/strong> encendedor de cigarrillos 12V<\/li><li><strong>Presi\u00f3n de aire:<\/strong> hasta 20 PSI\/ 1,33 bar<\/li><li><strong>Largo x ancho x fondo:<\/strong> 29,5 x 13,5 x 16 cm<\/li><li><strong>Color:<\/strong> bomba amarilla con manguera negra<\/li><li><strong>Longitud del cable:<\/strong> 3 m<\/li><li><strong>Longitud de la manguera:<\/strong> 1,3 m<\/li><li><strong>Identificaci\u00f3n del producto Jobe:<\/strong> 410020001<\/li><\/ul>\n<\/div>\n<\/div>\n\n<div style=\"height:10px\" aria-hidden=\"true\" class=\"wp-block-spacer\"><\/div>\n\n<figure class=\"wp-block-embed aligncenter is-type-video is-provider-youtube wp-block-embed-youtube wp-embed-aspect-16-9 wp-has-aspect-ratio\"><div class=\"wp-block-embed__wrapper\">\n<iframe title=\"Elektrische SUP Pumpe 12V - Bedienungsanleitung\" width=\"640\" height=\"360\" src=\"https:\/\/www.youtube.com\/embed\/OcyHUlyXRrk?feature=oembed\" frameborder=\"0\" allow=\"accelerometer; autoplay; clipboard-write; encrypted-media; gyroscope; picture-in-picture\" allowfullscreen><\/iframe>\n<\/div><\/figure>\n\n<div style=\"height:10px\" aria-hidden=\"true\" class=\"wp-block-spacer\"><\/div>\n\n<div class=\"wp-block-columns\">\n<div class=\"wp-block-column\">\n<h2>\u00bfQu\u00e9 presi\u00f3n de aire para mi SUP hinchable?<\/h2>\n\n\n\n<p>B\u00e1sicamente, una tabla de SUP se vuelve m\u00e1s r\u00edgida cuanto m\u00e1s presi\u00f3n de aire se bombea. Esto reduce la resistencia al agua y la tabla se desliza m\u00e1s f\u00e1cilmente sobre el agua. Cada fabricante especifica su presi\u00f3n recomendada individualmente. Esto tambi\u00e9n debe cumplirse, porque no todas las tablas pueden soportar una presi\u00f3n de aire muy alta. Unsere <a href=\"https:\/\/www.sup-shop.berlin\/es\/produkt-kategorie\/tablas-sup-hinchables\/\">Jobe iSup Boards<\/a> sollten m\u00f6glichst immer auf 20 PSI (1,33 Bar) gepumpt werden. Esto definitivamente se nota en distancias m\u00e1s largas, porque ahorras energ\u00eda y conduces m\u00e1s r\u00e1pido.<\/p>\n<\/div>\n\n\n\n<div class=\"wp-block-column\">\n<h2>\u00bfCu\u00e1nto tiempo necesito para inflar mi SUP?<\/h2>\n\n\n\n<p>Por supuesto, esto depende de tu fuerza muscular.<br\/>Tienes que contar con unos 8-12 minutos cuando inflas un iSUP por primera vez. El bombeo es mucho m\u00e1s r\u00e1pido y c\u00f3modo con la bomba de triple acci\u00f3n. Esta bomba es una clara ventaja si quieres meterte en el agua r\u00e1pidamente.<\/p>\n<\/div>\n<\/div>\n\n<h2>Acci\u00f3n de bombeo &#8211; bomba 12V<\/h2>\n\n<p class=\"has-text-align-left\">Al usar la bomba, debe tener en cuenta lo siguiente: Primero, la bomba arranca de manera relativamente silenciosa y llena la placa con aire. Al usar la bomba, debe tener en cuenta lo siguiente: Primero, la bomba arranca de manera relativamente silenciosa y llena la placa con aire. Ahora el compresor se enciende, la bomba de 12V hace un poco m\u00e1s de ruido y vibra ligeramente. Ahora debe esperar hasta que se alcance la presi\u00f3n establecida y la bomba se apague autom\u00e1ticamente.<\/p>\n\n<div style=\"height:10px\" aria-hidden=\"true\" class=\"wp-block-spacer\"><\/div>\n<section class=\"product-questions\">\n    <div class=\"row\">\n        <div class=\"col-md-6\">\n\t        <h3>NOSOTROS TE ACONSEJAMOS<\/h3><p>\u00bfA\u00fan tienes preguntas? Estaremos encantados de asesorarle personalmente. \u00a1Ponerse en contacto!<\/p>\n        <\/div>\n\n        <div class=\"col-md-6\">\n            <ul>\n\t\t                    <\/ul>\n        <\/div>\n    <\/div>\n<\/section>\n<div style=\"height:20px\" aria-hidden=\"true\" class=\"wp-block-spacer\"><\/div>\n\n<div class=\"wp-block-columns\">\n<div class=\"wp-block-column\">\n<h2>experiencia del cliente<\/h2>\n\n\n\n<p>Las experiencias que han tenido nuestros clientes con este producto<\/p>\n<\/div>\n\n\n\n<div class=\"wp-block-column\"><\/div>\n<\/div>\n","protected":false},"excerpt":{"rendered":"<p style=\"text-align: left;\"><strong><span style=\"font-size: 100%;\">Env\u00edo inmediato DHL: 1-3 d\u00edas<\/span><\/strong><\/p>\n<p style=\"text-align: left;\"><strong><span style=\"font-size: 100%;\">Mejor precio garantizado <\/span><\/strong>[text-popup title=\"Nuestro mejor precio garantizado\" text=\"Le garantizamos el precio m\u00e1s barato para este producto. otros distribuidores con sede en Alemania. \u00bfEncontrar una oferta mejor? Env\u00edenos un enlace y espere nuestra oferta.\"]?[\/text-popup]<\/p>\n<hr>\n<p>Bomba de SUP el\u00e9ctrica con adaptador para encendedor de cigarrillos, para v\u00e1lvulas Halkey Roberts<\/p>\n","protected":false},"featured_media":13983,"comment_status":"open","ping_status":"closed","template":"","meta":[],"yst_prominent_words":[1275,739,166,322,326,167,168,315,327,191,656,301,743],"_links":{"self":[{"href":"https:\/\/www.sup-shop.berlin\/es\/wp-json\/wp\/v2\/product\/13982"}],"collection":[{"href":"https:\/\/www.sup-shop.berlin\/es\/wp-json\/wp\/v2\/product"}],"about":[{"href":"https:\/\/www.sup-shop.berlin\/es\/wp-json\/wp\/v2\/types\/product"}],"replies":[{"embeddable":true,"href":"https:\/\/www.sup-shop.berlin\/es\/wp-json\/wp\/v2\/comments?post=13982"}],"wp:featuredmedia":[{"embeddable":true,"href":"https:\/\/www.sup-shop.berlin\/es\/wp-json\/wp\/v2\/media\/13983"}],"wp:attachment":[{"href":"https:\/\/www.sup-shop.berlin\/es\/wp-json\/wp\/v2\/media?parent=13982"}],"wp:term":[{"taxonomy":"yst_prominent_words","embeddable":true,"href":"https:\/\/www.sup-shop.berlin\/es\/wp-json\/wp\/v2\/yst_prominent_words?post=13982"}],"curies":[{"name":"wp","href":"https:\/\/api.w.org\/{rel}","templated":true}]}}