{"id":14154,"date":"2021-01-07T12:56:48","date_gmt":"2022-04-22T04:24:03","guid":{"rendered":"https:\/\/www.sup-shop.berlin\/produkt\/adaptador-para-paletas-de-kayak\/"},"modified":"2022-11-11T13:28:26","modified_gmt":"2022-11-11T12:28:26","slug":"adaptador-para-paletas-de-kayak","status":"publish","type":"product","link":"https:\/\/www.sup-shop.berlin\/es\/produkt\/adaptador-para-paletas-de-kayak\/","title":{"rendered":"ADAPTADOR PARA PALETAS DE KAYAK"},"content":{"rendered":"\n<div class=\"wp-block-columns\">\n<div class=\"wp-block-column\">\n<h2>BENEFICIOS DEL PRODUCTO<\/h2>\n\n\n<section class=\"product-benefits\">\n    <ul><li><div><img src=\"https:\/\/www.sup-shop.berlin\/wp-content\/uploads\/2021\/01\/feder-icon-35px_web-10012021.png\" title=\"material ligero\" alt=\"material ligero\"><\/div><p>peso ligero<\/p>\n<\/li><li><div><img src=\"https:\/\/www.sup-shop.berlin\/wp-content\/uploads\/2021\/01\/einfach-zu-transportieren-icon-35px_web-10012021.png\" title=\"f\u00e1cil de transportar\" alt=\"f\u00e1cil de transportar\"><\/div><p>Necesita poco espacio<\/p>\n<\/li><li><div><img src=\"https:\/\/www.sup-shop.berlin\/wp-content\/uploads\/2021\/01\/stufenlos-verstellbar-icon-35px_web-10012021.png\" title=\"infinitamente ajustable\" alt=\"stufenlos verstellbar\"><\/div><p>Simplemente poner juntos<\/p>\n<\/li><\/ul><\/section><\/div>\n\n\n\n<div class=\"wp-block-column lined-list\">\n<h2>DESCRIPCI\u00d3N<\/h2>\n\n\n\n<ul><li><strong>Adecuado:<\/strong> para <a href=\"https:\/\/www.sup-shop.berlin\/es\/produkt\/jobe-fusion-stick-3-partes\/\">paletas JOBE<\/a> Fusion <a href=\"https:\/\/www.sup-shop.berlin\/produkt\/2019er-jobe-sup-paddel-aluminium-3-teilig\/\">o aluminio<\/a><\/li><li><strong>Adecuado:<\/strong> entusiastas del kayak SUPers<\/li><li><strong>Jobe ID del producto:<\/strong> 486721022<\/li><\/ul><\/div>\n<\/div>\n\n<div class=\"wp-block-columns\">\n<div class=\"wp-block-column\"><section class=\"product-recommend\">\n\n\t<i class=\"far fa-lightbulb\" aria-hidden=\"true\"><\/i><h3>Nosotros recomendamos:<\/h3><p>Si adem\u00e1s quieres remar de rodillas o sentado en tu SUP como en un kayak, ahora tienes la opci\u00f3n con el adaptador.<br \/>\n<strong>\u00a1Transforma tu remo de SUP en un remo de kayak!<\/strong><\/p>\n\n<\/section><\/div>\n\n\n\n<div class=\"wp-block-column\">\n<h2>Jobe ADAPTADOR PARA PALAS DE KAYAK<\/h2>\n\n\n\n<p>Debido a la gran demanda de los \u00faltimos a\u00f1os, ahora existe el adaptador de remo de kayak. Transforma tu remo JOBE de 3 piezas (fusi\u00f3n o aluminio) en un remo de kayak. <\/p>\n\n\n\n<p>Principio de enchufar simple con palanca de clip para una fijaci\u00f3n r\u00e1pida.<\/p>\n\n\n\n<p><a href=\"https:\/\/www.sup-shop.berlin\/stand-up-paddling-mit-sitz\/\">\u00bfEst\u00e1s pensando en instalar un asiento de kayak en tu SUP tambi\u00e9n? <\/a><\/p>\n\n\n\n<p><\/p>\n<\/div>\n<\/div>\n\n<div style=\"height:10px\" aria-hidden=\"true\" class=\"wp-block-spacer\"><\/div>\n<section class=\"product-questions\">\n    <div class=\"row\">\n        <div class=\"col-md-6\">\n\t        <h3>NOSOTROS TE ACONSEJAMOS<\/h3><p>\u00bfA\u00fan tienes preguntas? Estaremos encantados de asesorarle personalmente. \u00a1Ponerse en contacto!<\/p>\n        <\/div>\n\n        <div class=\"col-md-6\">\n            <ul>\n\t\t                    <\/ul>\n        <\/div>\n    <\/div>\n<\/section>\n<div style=\"height:20px\" aria-hidden=\"true\" class=\"wp-block-spacer\"><\/div>\n\n<div class=\"wp-block-columns\">\n<div class=\"wp-block-column\">\n<h2>EXPERIENCIA DEL CLIENTE<\/h2>\n\n\n\n<p>Las experiencias que han tenido nuestros clientes con este producto<\/p>\n<\/div>\n\n\n\n<div class=\"wp-block-column\"><\/div>\n<\/div>\n<section class=\"product-customer-feedback\">\n\n            \n\n\n<\/section>","protected":false},"excerpt":{"rendered":"<p style=\"text-align: left;\"><strong><span style=\"font-size: 100%;\">Env\u00edo inmediato DHL: 1-3 d\u00edas<\/span><\/strong><\/p>\n<p><strong><span style=\"font-size: 100%;\">Material: eje de aluminio y paleta de nylon<\/span><\/strong><\/p>\n<p style=\"text-align: left;\"><strong><span style=\"font-size: 100%;\">Mejor precio garantizado <\/span><\/strong>[text-popup title=\"Nuestro mejor precio garantizado\" text=\"Le garantizamos el precio m\u00e1s barato para este producto. otros distribuidores con sede en Alemania. \u00bfEncontrar una oferta mejor? Env\u00edenos un enlace y espere nuestra oferta.\"]?[\/text-popup]<\/p>\n<hr>\n<p>Adaptador de pala de kayak para Jobe Fusionstick o pala de aluminio<\/p>\n","protected":false},"featured_media":14155,"comment_status":"open","ping_status":"closed","template":"","meta":[],"yst_prominent_words":[457,168,169,550],"_links":{"self":[{"href":"https:\/\/www.sup-shop.berlin\/es\/wp-json\/wp\/v2\/product\/14154"}],"collection":[{"href":"https:\/\/www.sup-shop.berlin\/es\/wp-json\/wp\/v2\/product"}],"about":[{"href":"https:\/\/www.sup-shop.berlin\/es\/wp-json\/wp\/v2\/types\/product"}],"replies":[{"embeddable":true,"href":"https:\/\/www.sup-shop.berlin\/es\/wp-json\/wp\/v2\/comments?post=14154"}],"wp:featuredmedia":[{"embeddable":true,"href":"https:\/\/www.sup-shop.berlin\/es\/wp-json\/wp\/v2\/media\/14155"}],"wp:attachment":[{"href":"https:\/\/www.sup-shop.berlin\/es\/wp-json\/wp\/v2\/media?parent=14154"}],"wp:term":[{"taxonomy":"yst_prominent_words","embeddable":true,"href":"https:\/\/www.sup-shop.berlin\/es\/wp-json\/wp\/v2\/yst_prominent_words?post=14154"}],"curies":[{"name":"wp","href":"https:\/\/api.w.org\/{rel}","templated":true}]}}