{"id":13243,"date":"2022-04-18T06:24:18","date_gmt":"2022-04-18T04:24:18","guid":{"rendered":"https:\/\/www.sup-shop.berlin\/pour-les-stations-de-location\/"},"modified":"2022-04-18T12:05:40","modified_gmt":"2022-04-18T10:05:40","slug":"pour-les-stations-de-location","status":"publish","type":"page","link":"https:\/\/www.sup-shop.berlin\/fr\/pour-les-stations-de-location\/","title":{"rendered":"Pour les stations de location"},"content":{"rendered":"\n<p>Avez-vous ou envisagez-vous de louer un SUP? Avez-vous besoin de planches, de pagaies et d&#8217;accessoires? Nous avons plus de 5 ans d&#8217;exp\u00e9rience dans la location de Stand Up Paddle Boards et sommes heureux de vous conseiller !<\/p>\n\n<div class=\"wp-block-uagb-icon-list uagb-icon-list__outer-wrap uagb-icon-list__layout-vertical uagb-block-d97f0cec\"><div class=\"uagb-icon-list__wrap\">\n<div class=\"wp-block-uagb-icon-list-child uagb-icon-list-repeater uagb-icon-list__wrapper uagb-block-b4d6ef38\"><div class=\"uagb-icon-list__content-wrap\"><span class=\"uagb-icon-list__source-wrap\"><span class=\"uagb-icon-list__source-icon\"><svg xmlns=\"http:\/\/www.w3.org\/2000\/svg\" viewbox=\"0 0 512 512\"><path d=\"M256 8c137 0 248 111 248 248S393 504 256 504 8 393 8 256 119 8 256 8zm-28.9 143.6l75.5 72.4H120c-13.3 0-24 10.7-24 24v16c0 13.3 10.7 24 24 24h182.6l-75.5 72.4c-9.7 9.3-9.9 24.8-.4 34.3l11 10.9c9.4 9.4 24.6 9.4 33.9 0L404.3 273c9.4-9.4 9.4-24.6 0-33.9L271.6 106.3c-9.4-9.4-24.6-9.4-33.9 0l-11 10.9c-9.5 9.6-9.3 25.1.4 34.4z\"><\/path><\/svg><\/span><\/span><div class=\"uagb-icon-list__label-wrap\"><span class=\"uagb-icon-list__label\">JOBE &#8211; Des produits durables, fiables et \u00e9prouv\u00e9s depuis de nombreuses ann\u00e9es.<\/span><\/div><\/div><\/div>\n\n\n\n<div class=\"wp-block-uagb-icon-list-child uagb-icon-list-repeater uagb-icon-list__wrapper uagb-block-9502637e\"><div class=\"uagb-icon-list__content-wrap\"><span class=\"uagb-icon-list__source-wrap\"><span class=\"uagb-icon-list__source-icon\"><svg xmlns=\"http:\/\/www.w3.org\/2000\/svg\" viewbox=\"0 0 512 512\"><path d=\"M256 8c137 0 248 111 248 248S393 504 256 504 8 393 8 256 119 8 256 8zm-28.9 143.6l75.5 72.4H120c-13.3 0-24 10.7-24 24v16c0 13.3 10.7 24 24 24h182.6l-75.5 72.4c-9.7 9.3-9.9 24.8-.4 34.3l11 10.9c9.4 9.4 24.6 9.4 33.9 0L404.3 273c9.4-9.4 9.4-24.6 0-33.9L271.6 106.3c-9.4-9.4-24.6-9.4-33.9 0l-11 10.9c-9.5 9.6-9.3 25.1.4 34.4z\"><\/path><\/svg><\/span><\/span><div class=\"uagb-icon-list__label-wrap\"><span class=\"uagb-icon-list__label\">Forfaits complets avec tout ce dont vous avez besoin.<\/span><\/div><\/div><\/div>\n\n\n\n<div class=\"wp-block-uagb-icon-list-child uagb-icon-list-repeater uagb-icon-list__wrapper uagb-block-f31cf021\"><div class=\"uagb-icon-list__content-wrap\"><span class=\"uagb-icon-list__source-wrap\"><span class=\"uagb-icon-list__source-icon\"><svg xmlns=\"http:\/\/www.w3.org\/2000\/svg\" viewbox=\"0 0 512 512\"><path d=\"M256 8c137 0 248 111 248 248S393 504 256 504 8 393 8 256 119 8 256 8zm-28.9 143.6l75.5 72.4H120c-13.3 0-24 10.7-24 24v16c0 13.3 10.7 24 24 24h182.6l-75.5 72.4c-9.7 9.3-9.9 24.8-.4 34.3l11 10.9c9.4 9.4 24.6 9.4 33.9 0L404.3 273c9.4-9.4 9.4-24.6 0-33.9L271.6 106.3c-9.4-9.4-24.6-9.4-33.9 0l-11 10.9c-9.5 9.6-9.3 25.1.4 34.4z\"><\/path><\/svg><\/span><\/span><div class=\"uagb-icon-list__label-wrap\"><span class=\"uagb-icon-list__label\">Les meilleurs conseils d&#8217;un personnel expert et passionn\u00e9 de SUP.<\/span><\/div><\/div><\/div>\n\n\n\n<div class=\"wp-block-uagb-icon-list-child uagb-icon-list-repeater uagb-icon-list__wrapper uagb-block-8e5ebf7d\"><div class=\"uagb-icon-list__content-wrap\"><span class=\"uagb-icon-list__source-wrap\"><span class=\"uagb-icon-list__source-icon\"><svg xmlns=\"http:\/\/www.w3.org\/2000\/svg\" viewbox=\"0 0 512 512\"><path d=\"M256 8c137 0 248 111 248 248S393 504 256 504 8 393 8 256 119 8 256 8zm-28.9 143.6l75.5 72.4H120c-13.3 0-24 10.7-24 24v16c0 13.3 10.7 24 24 24h182.6l-75.5 72.4c-9.7 9.3-9.9 24.8-.4 34.3l11 10.9c9.4 9.4 24.6 9.4 33.9 0L404.3 273c9.4-9.4 9.4-24.6 0-33.9L271.6 106.3c-9.4-9.4-24.6-9.4-33.9 0l-11 10.9c-9.5 9.6-9.3 25.1.4 34.4z\"><\/path><\/svg><\/span><\/span><div class=\"uagb-icon-list__label-wrap\"><span class=\"uagb-icon-list__label\">Nous avons d\u00e9j\u00e0 des articles en stock ! Exp\u00e9dition DHL imm\u00e9diate pour des temps de transit courts.<\/span><\/div><\/div><\/div>\n<\/div><\/div>\n\n<p><\/p>\n\n<p>Cette offre est valable uniquement pour les clients commerciaux.<\/p>\n<section class=\"questions\">\n        <div class=\"row\">\n            <div class=\"col-md-6 align-items-end d-flex\">\n                <div>\n                    <h3>Contactez notre responsable de magasin<\/h3>\n                    <ul>\n                                            <\/ul>\n                <\/div>\n            <\/div>\n\n            <div class=\"col-md-6\">\n\t            <div class=\"employee\" style=\"background:url(https:\/\/www.sup-shop.berlin\/wp-content\/uploads\/2021\/08\/IMG_5082-removebg-preview-stehpaddler-290x330.png) no-repeat right bottom;\"><p><p>Sebastian<br \/>\nShopleiter<\/p>\n<\/p><\/div>            <\/div>\n        <\/div>\n<\/section>","protected":false},"excerpt":{"rendered":"<p>Avez-vous ou envisagez-vous de louer un SUP? Avez-vous besoin de planches, de pagaies et d&#8217;accessoires? Nous avons plus de 5 ans d&#8217;exp\u00e9rience dans la location de Stand Up Paddle Boards\u2026<\/p>\n","protected":false},"author":2,"featured_media":0,"parent":0,"menu_order":0,"comment_status":"closed","ping_status":"closed","template":"","meta":[],"yst_prominent_words":[190],"uagb_featured_image_src":{"full":false,"thumbnail":false,"medium":false,"medium_large":false,"large":false,"1536x1536":false,"2048x2048":false,"employee":false,"header_desktop":false,"header_mobile":false,"blog":false,"product_categories":false,"product_icon_benefits":false,"product_image_comparison":false,"product_image_customer":false,"blog-home":false,"woocommerce_thumbnail":false,"woocommerce_single":false,"woocommerce_gallery_thumbnail":false,"shop_catalog":false,"shop_single":false,"shop_thumbnail":false,"ppec_logo_image_size":false,"ppec_header_image_size":false},"uagb_author_info":{"display_name":"philipp.wilhelm","author_link":"https:\/\/www.sup-shop.berlin\/fr\/author\/philipp-wilhelm\/"},"uagb_comment_info":0,"uagb_excerpt":"Avez-vous ou envisagez-vous de louer un SUP? Avez-vous besoin de planches, de pagaies et d&#8217;accessoires? Nous avons plus de 5 ans d&#8217;exp\u00e9rience dans la location de Stand Up Paddle Boards\u2026","_links":{"self":[{"href":"https:\/\/www.sup-shop.berlin\/fr\/wp-json\/wp\/v2\/pages\/13243"}],"collection":[{"href":"https:\/\/www.sup-shop.berlin\/fr\/wp-json\/wp\/v2\/pages"}],"about":[{"href":"https:\/\/www.sup-shop.berlin\/fr\/wp-json\/wp\/v2\/types\/page"}],"author":[{"embeddable":true,"href":"https:\/\/www.sup-shop.berlin\/fr\/wp-json\/wp\/v2\/users\/2"}],"replies":[{"embeddable":true,"href":"https:\/\/www.sup-shop.berlin\/fr\/wp-json\/wp\/v2\/comments?post=13243"}],"version-history":[{"count":0,"href":"https:\/\/www.sup-shop.berlin\/fr\/wp-json\/wp\/v2\/pages\/13243\/revisions"}],"wp:attachment":[{"href":"https:\/\/www.sup-shop.berlin\/fr\/wp-json\/wp\/v2\/media?parent=13243"}],"wp:term":[{"taxonomy":"yst_prominent_words","embeddable":true,"href":"https:\/\/www.sup-shop.berlin\/fr\/wp-json\/wp\/v2\/yst_prominent_words?post=13243"}],"curies":[{"name":"wp","href":"https:\/\/api.w.org\/{rel}","templated":true}]}}