{"id":14507,"date":"2022-04-28T12:59:21","date_gmt":"2022-04-28T10:59:21","guid":{"rendered":"https:\/\/www.sup-shop.berlin\/faq\/"},"modified":"2022-04-28T12:59:22","modified_gmt":"2022-04-28T10:59:22","slug":"faq","status":"publish","type":"page","link":"https:\/\/www.sup-shop.berlin\/fr\/faq\/","title":{"rendered":"FAQ"},"content":{"rendered":"\n<div class=\"wp-block-columns\">\n<div class=\"wp-block-column\">\n<h2>votre visite chez nous<\/h2>\n\n\n\n<div class=\"wp-block-uagb-faq uagb-faq__outer-wrap uagb-block-b638c0dc uagb-faq-icon-row uagb-faq-layout-accordion uagb-faq-expand-first-false uagb-faq-inactive-other-true uagb-faq-equal-height\" data-faqtoggle=\"true\"><div class=\"uagb-faq__wrap uagb-buttons-layout-wrap\">\n<div class=\"wp-block-uagb-faq-child uagb-faq-child__outer-wrap uagb-block-6ca00ac5\"><div class=\"uagb-faq-child__wrapper\"><div class=\"uagb-faq-item\" role=\"tab\" tabindex=\"0\"><div class=\"uagb-faq-questions-button uagb-faq-questions\"><span class=\"uagb-icon uagb-faq-icon-wrap\"><svg xmlns=\"http:\/\/www.w3.org\/2000\/svg\" viewbox=\"0 0 448 512\"><path d=\"M416 208H272V64c0-17.67-14.33-32-32-32h-32c-17.67 0-32 14.33-32 32v144H32c-17.67 0-32 14.33-32 32v32c0 17.67 14.33 32 32 32h144v144c0 17.67 14.33 32 32 32h32c17.67 0 32-14.33 32-32V304h144c17.67 0 32-14.33 32-32v-32c0-17.67-14.33-32-32-32z\"><\/path><\/svg><\/span><span class=\"uagb-icon-active uagb-faq-icon-wrap\"><svg xmlns=\"http:\/\/www.w3.org\/2000\/svg\" viewbox=\"0 0 448 512\"><path d=\"M416 208H32c-17.67 0-32 14.33-32 32v32c0 17.67 14.33 32 32 32h384c17.67 0 32-14.33 32-32v-32c0-17.67-14.33-32-32-32z\"><\/path><\/svg><\/span><span class=\"uagb-question\">Quand \u00eates-vous ouvert ?<\/span><\/div><div class=\"uagb-faq-content\"><span><p>Vous pouvez trouver nos heures <a href=\"https:\/\/www.sup-shop.berlin\/#berlin-oeffnungszeit\" target=\"_blank\" aria-label=\"undefined (opens in a new tab)\" rel=\"noreferrer noopener\">d&#8217;ouverture actuelles ici<\/a><\/p><\/span><\/div><\/div><\/div><\/div>\n\n\n\n<div class=\"wp-block-uagb-faq-child uagb-faq-child__outer-wrap uagb-block-1fd04863\"><div class=\"uagb-faq-child__wrapper\"><div class=\"uagb-faq-item\" role=\"tab\" tabindex=\"0\"><div class=\"uagb-faq-questions-button uagb-faq-questions\"><span class=\"uagb-icon uagb-faq-icon-wrap\"><svg xmlns=\"http:\/\/www.w3.org\/2000\/svg\" viewbox=\"0 0 448 512\"><path d=\"M416 208H272V64c0-17.67-14.33-32-32-32h-32c-17.67 0-32 14.33-32 32v144H32c-17.67 0-32 14.33-32 32v32c0 17.67 14.33 32 32 32h144v144c0 17.67 14.33 32 32 32h32c17.67 0 32-14.33 32-32V304h144c17.67 0 32-14.33 32-32v-32c0-17.67-14.33-32-32-32z\"><\/path><\/svg><\/span><span class=\"uagb-icon-active uagb-faq-icon-wrap\"><svg xmlns=\"http:\/\/www.w3.org\/2000\/svg\" viewbox=\"0 0 448 512\"><path d=\"M416 208H32c-17.67 0-32 14.33-32 32v32c0 17.67 14.33 32 32 32h384c17.67 0 32-14.33 32-32v-32c0-17.67-14.33-32-32-32z\"><\/path><\/svg><\/span><span class=\"uagb-question\">Comment trouver votre magasin de SUP \u00e0 Berlin ?<\/span><\/div><div class=\"uagb-faq-content\"><span><p>Notre magasin \u00e0 Berlin est situ\u00e9 dans les locaux du Goerzwerk.<br\/><br\/><strong>Goerzallee 299 \u2013 Hall 8<br\/>14167 Berlin-Lichterfelde<\/strong><br\/><br\/><a aria-label=\"undefined (opens in a new tab)\" href=\"https:\/\/www.google.com\/maps\/dir\/\/sup+shop+berlin\/data=!4m6!4m5!1m1!4e2!1m2!1m1!1s0x47a85ba4ca072bcb:0xdc46bf2bc0ee7568?sa=X&amp;ved=2ahUKEwiovp_32YruAhWMCuwKHcFWABoQ9RcwAHoECAQQBQ\" target=\"_blank\" rel=\"noreferrer noopener\">Navigation Google Maps<br\/><\/a><br\/>Tourner \u00e0 gauche apr\u00e8s le portail. <br\/>Faites le tour du virage par la droite.<br\/>Vous nous trouverez sur votre gauche dans le Hall 8<\/p><\/span><\/div><\/div><\/div><\/div>\n\n\n\n<div class=\"wp-block-uagb-faq-child uagb-faq-child__outer-wrap uagb-block-34080282\"><div class=\"uagb-faq-child__wrapper\"><div class=\"uagb-faq-item\" role=\"tab\" tabindex=\"0\"><div class=\"uagb-faq-questions-button uagb-faq-questions\"><span class=\"uagb-icon uagb-faq-icon-wrap\"><svg xmlns=\"http:\/\/www.w3.org\/2000\/svg\" viewbox=\"0 0 448 512\"><path d=\"M416 208H272V64c0-17.67-14.33-32-32-32h-32c-17.67 0-32 14.33-32 32v144H32c-17.67 0-32 14.33-32 32v32c0 17.67 14.33 32 32 32h144v144c0 17.67 14.33 32 32 32h32c17.67 0 32-14.33 32-32V304h144c17.67 0 32-14.33 32-32v-32c0-17.67-14.33-32-32-32z\"><\/path><\/svg><\/span><span class=\"uagb-icon-active uagb-faq-icon-wrap\"><svg xmlns=\"http:\/\/www.w3.org\/2000\/svg\" viewbox=\"0 0 448 512\"><path d=\"M416 208H32c-17.67 0-32 14.33-32 32v32c0 17.67 14.33 32 32 32h384c17.67 0 32-14.33 32-32v-32c0-17.67-14.33-32-32-32z\"><\/path><\/svg><\/span><span class=\"uagb-question\">Quelles options de paiement proposez-vous en ligne et dans votre boutique ?<\/span><\/div><div class=\"uagb-faq-content\"><span><p><strong>Dans la boutique en ligne :<\/strong><br\/>Virement<br\/>Carte de cr\u00e9dit<br\/>Pay Pal<br\/>Paiement \u00e9chelonn\u00e9 par Paypal<br\/>rayures<br\/>Virement bancaire instantan\u00e9<br\/><strong>Sur place dans notre boutique : <\/strong><br\/>Carte de cr\u00e9dit<br\/>Carte CE<br\/>paiement en esp\u00e8ces<\/p><\/span><\/div><\/div><\/div><\/div>\n<\/div><\/div>\n<\/div>\n\n\n\n<div class=\"wp-block-column\">\n<h2>exp\u00e9dition<\/h2>\n\n\n\n<div class=\"wp-block-uagb-faq uagb-faq__outer-wrap uagb-block-c7b72bfd uagb-faq-icon-row uagb-faq-layout-accordion uagb-faq-expand-first-false uagb-faq-inactive-other-true uagb-faq-equal-height\" data-faqtoggle=\"true\"><div class=\"uagb-faq__wrap uagb-buttons-layout-wrap\">\n<div class=\"wp-block-uagb-faq-child uagb-faq-child__outer-wrap uagb-block-53fa7d78\"><div class=\"uagb-faq-child__wrapper\"><div class=\"uagb-faq-item\" role=\"tab\" tabindex=\"0\"><div class=\"uagb-faq-questions-button uagb-faq-questions\"><span class=\"uagb-icon uagb-faq-icon-wrap\"><svg xmlns=\"http:\/\/www.w3.org\/2000\/svg\" viewbox=\"0 0 448 512\"><path d=\"M416 208H272V64c0-17.67-14.33-32-32-32h-32c-17.67 0-32 14.33-32 32v144H32c-17.67 0-32 14.33-32 32v32c0 17.67 14.33 32 32 32h144v144c0 17.67 14.33 32 32 32h32c17.67 0 32-14.33 32-32V304h144c17.67 0 32-14.33 32-32v-32c0-17.67-14.33-32-32-32z\"><\/path><\/svg><\/span><span class=\"uagb-icon-active uagb-faq-icon-wrap\"><svg xmlns=\"http:\/\/www.w3.org\/2000\/svg\" viewbox=\"0 0 448 512\"><path d=\"M416 208H32c-17.67 0-32 14.33-32 32v32c0 17.67 14.33 32 32 32h384c17.67 0 32-14.33 32-32v-32c0-17.67-14.33-32-32-32z\"><\/path><\/svg><\/span><span class=\"uagb-question\">Quel prestataire de services d&#8217;exp\u00e9dition utilisez-vous pour envoyer vos colis ?<\/span><\/div><div class=\"uagb-faq-content\"><span><p>Nous exp\u00e9dions avec DHL. Votre commande sera r\u00e9cup\u00e9r\u00e9e chez nous dans un d\u00e9lai de 1 \u00e0 3 jours ouvrables et vous sera envoy\u00e9e. <br\/>Nous envoyons des panneaux durs par transporteur en Allemagne.<\/p><\/span><\/div><\/div><\/div><\/div>\n\n\n\n<div class=\"wp-block-uagb-faq-child uagb-faq-child__outer-wrap uagb-block-3f711dbf\"><div class=\"uagb-faq-child__wrapper\"><div class=\"uagb-faq-item\" role=\"tab\" tabindex=\"0\"><div class=\"uagb-faq-questions-button uagb-faq-questions\"><span class=\"uagb-icon uagb-faq-icon-wrap\"><svg xmlns=\"http:\/\/www.w3.org\/2000\/svg\" viewbox=\"0 0 448 512\"><path d=\"M416 208H272V64c0-17.67-14.33-32-32-32h-32c-17.67 0-32 14.33-32 32v144H32c-17.67 0-32 14.33-32 32v32c0 17.67 14.33 32 32 32h144v144c0 17.67 14.33 32 32 32h32c17.67 0 32-14.33 32-32V304h144c17.67 0 32-14.33 32-32v-32c0-17.67-14.33-32-32-32z\"><\/path><\/svg><\/span><span class=\"uagb-icon-active uagb-faq-icon-wrap\"><svg xmlns=\"http:\/\/www.w3.org\/2000\/svg\" viewbox=\"0 0 448 512\"><path d=\"M416 208H32c-17.67 0-32 14.33-32 32v32c0 17.67 14.33 32 32 32h384c17.67 0 32-14.33 32-32v-32c0-17.67-14.33-32-32-32z\"><\/path><\/svg><\/span><span class=\"uagb-question\">Livrez-vous \u00e9galement en Autriche et en Suisse ?<\/span><\/div><div class=\"uagb-faq-content\"><span><p>Oui. <a href=\"https:\/\/www.sup-shop.berlin\/fr\/expedition-en-suisse\/\">Lisez les d\u00e9tails ici. <\/a><\/p><\/span><\/div><\/div><\/div><\/div>\n\n\n\n<div class=\"wp-block-uagb-faq-child uagb-faq-child__outer-wrap uagb-block-39cbd29b\"><div class=\"uagb-faq-child__wrapper\"><div class=\"uagb-faq-item\" role=\"tab\" tabindex=\"0\"><div class=\"uagb-faq-questions-button uagb-faq-questions\"><span class=\"uagb-icon uagb-faq-icon-wrap\"><svg xmlns=\"http:\/\/www.w3.org\/2000\/svg\" viewbox=\"0 0 448 512\"><path d=\"M416 208H272V64c0-17.67-14.33-32-32-32h-32c-17.67 0-32 14.33-32 32v144H32c-17.67 0-32 14.33-32 32v32c0 17.67 14.33 32 32 32h144v144c0 17.67 14.33 32 32 32h32c17.67 0 32-14.33 32-32V304h144c17.67 0 32-14.33 32-32v-32c0-17.67-14.33-32-32-32z\"><\/path><\/svg><\/span><span class=\"uagb-icon-active uagb-faq-icon-wrap\"><svg xmlns=\"http:\/\/www.w3.org\/2000\/svg\" viewbox=\"0 0 448 512\"><path d=\"M416 208H32c-17.67 0-32 14.33-32 32v32c0 17.67 14.33 32 32 32h384c17.67 0 32-14.33 32-32v-32c0-17.67-14.33-32-32-32z\"><\/path><\/svg><\/span><span class=\"uagb-question\">Comment puis-je suivre mon envoi ?<\/span><\/div><div class=\"uagb-faq-content\"><span><p><a href=\"https:\/\/www.sup-shop.berlin\/fr\/suivi-dexpedition-de-votre-commande\/\">Entrez votre num\u00e9ro d&#8217;exp\u00e9dition<\/a> et votre e-mail ici et suivez votre envoi.<\/p><\/span><\/div><\/div><\/div><\/div>\n<\/div><\/div>\n<\/div>\n<\/div>\n\n<div class=\"wp-block-columns\">\n<div class=\"wp-block-column\">\n<h2>garantie <\/h2>\n\n\n\n<div class=\"wp-block-uagb-faq uagb-faq__outer-wrap uagb-block-ee6e6879 uagb-faq-icon-row uagb-faq-layout-accordion uagb-faq-expand-first-false uagb-faq-inactive-other-true uagb-faq-equal-height\" data-faqtoggle=\"true\"><div class=\"uagb-faq__wrap uagb-buttons-layout-wrap\">\n<div class=\"wp-block-uagb-faq-child uagb-faq-child__outer-wrap uagb-block-24e9bfcd\"><div class=\"uagb-faq-child__wrapper\"><div class=\"uagb-faq-item\" role=\"tab\" tabindex=\"0\"><div class=\"uagb-faq-questions-button uagb-faq-questions\"><span class=\"uagb-icon uagb-faq-icon-wrap\"><svg xmlns=\"http:\/\/www.w3.org\/2000\/svg\" viewbox=\"0 0 448 512\"><path d=\"M416 208H272V64c0-17.67-14.33-32-32-32h-32c-17.67 0-32 14.33-32 32v144H32c-17.67 0-32 14.33-32 32v32c0 17.67 14.33 32 32 32h144v144c0 17.67 14.33 32 32 32h32c17.67 0 32-14.33 32-32V304h144c17.67 0 32-14.33 32-32v-32c0-17.67-14.33-32-32-32z\"><\/path><\/svg><\/span><span class=\"uagb-icon-active uagb-faq-icon-wrap\"><svg xmlns=\"http:\/\/www.w3.org\/2000\/svg\" viewbox=\"0 0 448 512\"><path d=\"M416 208H32c-17.67 0-32 14.33-32 32v32c0 17.67 14.33 32 32 32h384c17.67 0 32-14.33 32-32v-32c0-17.67-14.33-32-32-32z\"><\/path><\/svg><\/span><span class=\"uagb-question\">Comment puis-je m&#8217;inscrire \u00e0 la garantie fabricant de 3 ans de Jobe ?<\/span><\/div><div class=\"uagb-faq-content\"><span><p>Jobe vous accorde une garantie fabricant de <strong>3 ans sur toutes les planches de SUP gonflables.<\/strong><br\/>La condition pr\u00e9alable est que vous enregistriez la planche dans les 2 semaines suivant son achat sur <a href=\"http:\/\/www.jobesports.com\/de\/happycustomers\/\">www.jobesports.com\/de\/happycustomers\/.<\/a> Vous pouvez vous inscrire imm\u00e9diatement apr\u00e8s avoir termin\u00e9 votre commande. Vous n&#8217;avez pas \u00e0 attendre de recevoir le produit.<br\/>En cas de probl\u00e8me avec votre produit pendant la p\u00e9riode de garantie de 3 ans, vous pouvez faire valoir vos droits directement via le portail susmentionn\u00e9.<br\/>De plus, vous avez bien entendu droit \u00e0 tous les droits de garantie l\u00e9gaux.<\/p><\/span><\/div><\/div><\/div><\/div>\n<\/div><\/div>\n<\/div>\n\n\n\n<div class=\"wp-block-column\">\n<h2>Entretien et rangement de la planche<\/h2>\n\n\n\n<div class=\"wp-block-uagb-faq uagb-faq__outer-wrap uagb-block-cac7080f uagb-faq-icon-row uagb-faq-layout-accordion uagb-faq-expand-first-false uagb-faq-inactive-other-true uagb-faq-equal-height\" data-faqtoggle=\"true\"><div class=\"uagb-faq__wrap uagb-buttons-layout-wrap\">\n<div class=\"wp-block-uagb-faq-child uagb-faq-child__outer-wrap uagb-block-91fbb75b\"><div class=\"uagb-faq-child__wrapper\"><div class=\"uagb-faq-item\" role=\"tab\" tabindex=\"0\"><div class=\"uagb-faq-questions-button uagb-faq-questions\"><span class=\"uagb-icon uagb-faq-icon-wrap\"><svg xmlns=\"http:\/\/www.w3.org\/2000\/svg\" viewbox=\"0 0 448 512\"><path d=\"M416 208H272V64c0-17.67-14.33-32-32-32h-32c-17.67 0-32 14.33-32 32v144H32c-17.67 0-32 14.33-32 32v32c0 17.67 14.33 32 32 32h144v144c0 17.67 14.33 32 32 32h32c17.67 0 32-14.33 32-32V304h144c17.67 0 32-14.33 32-32v-32c0-17.67-14.33-32-32-32z\"><\/path><\/svg><\/span><span class=\"uagb-icon-active uagb-faq-icon-wrap\"><svg xmlns=\"http:\/\/www.w3.org\/2000\/svg\" viewbox=\"0 0 448 512\"><path d=\"M416 208H32c-17.67 0-32 14.33-32 32v32c0 17.67 14.33 32 32 32h384c17.67 0 32-14.33 32-32v-32c0-17.67-14.33-32-32-32z\"><\/path><\/svg><\/span><span class=\"uagb-question\">Quelle est la meilleure fa\u00e7on d&#8217;emballer ma planche de stand up paddle Jobe ?<\/span><\/div><div class=\"uagb-faq-content\"><span><p><strong>notre recommandation:<br\/><\/strong>D\u00e9gonflez la planche de SUP. Roulez la planche \u00e0 partir de l&#8217;extr\u00e9mit\u00e9 (axe de l&#8217;aileron vers l&#8217;int\u00e9rieur). Attache avec ceinture en carton. Si la planche a un aileron amovible, comme le <a href=\"https:\/\/www.sup-shop.berlin\/fr\/produkt\/2022-jobe-duna-11-6-ensemble-premium-sup-board\/\">Jobe DUNA 11.6<\/a>, il est pr\u00e9f\u00e9rable de le retirer en premier. <\/p><\/span><\/div><\/div><\/div><\/div>\n\n\n\n<div class=\"wp-block-uagb-faq-child uagb-faq-child__outer-wrap uagb-block-007da914\"><div class=\"uagb-faq-child__wrapper\"><div class=\"uagb-faq-item\" role=\"tab\" tabindex=\"0\"><div class=\"uagb-faq-questions-button uagb-faq-questions\"><span class=\"uagb-icon uagb-faq-icon-wrap\"><svg xmlns=\"http:\/\/www.w3.org\/2000\/svg\" viewbox=\"0 0 448 512\"><path d=\"M416 208H272V64c0-17.67-14.33-32-32-32h-32c-17.67 0-32 14.33-32 32v144H32c-17.67 0-32 14.33-32 32v32c0 17.67 14.33 32 32 32h144v144c0 17.67 14.33 32 32 32h32c17.67 0 32-14.33 32-32V304h144c17.67 0 32-14.33 32-32v-32c0-17.67-14.33-32-32-32z\"><\/path><\/svg><\/span><span class=\"uagb-icon-active uagb-faq-icon-wrap\"><svg xmlns=\"http:\/\/www.w3.org\/2000\/svg\" viewbox=\"0 0 448 512\"><path d=\"M416 208H32c-17.67 0-32 14.33-32 32v32c0 17.67 14.33 32 32 32h384c17.67 0 32-14.33 32-32v-32c0-17.67-14.33-32-32-32z\"><\/path><\/svg><\/span><span class=\"uagb-question\">\u00c0 quoi dois-je faire attention lors du stockage de mon Jobe Stand Up Paddle Board ?<\/span><\/div><div class=\"uagb-faq-content\"><span><p>Il est important que votre planche de SUP soit stock\u00e9e au sec. Tu devrais laisser sortir l&#8217;air. Tu devrais laisser sortir l&#8217;air. De nombreux clients prennent trop de place dans la cave ou le garage lorsque la planche est d\u00e9roul\u00e9e. Vous pouvez donc \u00e9galement le stocker enroul\u00e9 sans serrer pendant l&#8217;hiver.<br\/>Avant de ranger \u00e0 la fin de la saison, nous vous recommandons de rincer la planche \u00e0 l&#8217;eau douce pour \u00e9liminer la salet\u00e9 et les d\u00e9bris de l&#8217;eau. Ensuite, il doit bien s\u00e9cher avant d&#8217;\u00eatre enroul\u00e9 et stock\u00e9. <\/p><\/span><\/div><\/div><\/div><\/div>\n\n\n\n<div class=\"wp-block-uagb-faq-child uagb-faq-child__outer-wrap uagb-block-19dc02ef\"><div class=\"uagb-faq-child__wrapper\"><div class=\"uagb-faq-item\" role=\"tab\" tabindex=\"0\"><div class=\"uagb-faq-questions-button uagb-faq-questions\"><span class=\"uagb-icon uagb-faq-icon-wrap\"><svg xmlns=\"http:\/\/www.w3.org\/2000\/svg\" viewbox=\"0 0 448 512\"><path d=\"M416 208H272V64c0-17.67-14.33-32-32-32h-32c-17.67 0-32 14.33-32 32v144H32c-17.67 0-32 14.33-32 32v32c0 17.67 14.33 32 32 32h144v144c0 17.67 14.33 32 32 32h32c17.67 0 32-14.33 32-32V304h144c17.67 0 32-14.33 32-32v-32c0-17.67-14.33-32-32-32z\"><\/path><\/svg><\/span><span class=\"uagb-icon-active uagb-faq-icon-wrap\"><svg xmlns=\"http:\/\/www.w3.org\/2000\/svg\" viewbox=\"0 0 448 512\"><path d=\"M416 208H32c-17.67 0-32 14.33-32 32v32c0 17.67 14.33 32 32 32h384c17.67 0 32-14.33 32-32v-32c0-17.67-14.33-32-32-32z\"><\/path><\/svg><\/span><span class=\"uagb-question\">Que dois-je prendre en compte lors du nettoyage de mon Jobe Stand Up Paddle Board ?<\/span><\/div><div class=\"uagb-faq-content\"><span><p>Il est important que votre planche de SUP puisse bien s\u00e9cher apr\u00e8s la balade sur l&#8217;eau. Une planche humide d\u00e9veloppera une odeur d\u00e9sagr\u00e9able avec le temps. <br\/>Nous vous recommandons de rincer la planche \u00e0 l&#8217;eau douce pour \u00e9liminer la salet\u00e9 et les d\u00e9bris de l&#8217;eau. Ensuite, il doit bien s\u00e9cher avant d&#8217;\u00eatre enroul\u00e9 et stock\u00e9. <br\/>Bien s\u00fbr, si vous sortez sur l&#8217;eau avec votre planche tous les quelques jours en \u00e9t\u00e9, vous n&#8217;avez pas \u00e0 la nettoyer \u00e0 chaque fois. Tant qu&#8217;il est dans un endroit bien a\u00e9r\u00e9, tout va bien. <\/p><\/span><\/div><\/div><\/div><\/div>\n\n\n\n<div class=\"wp-block-uagb-faq-child uagb-faq-child__outer-wrap uagb-block-0994e2b0\"><div class=\"uagb-faq-child__wrapper\"><div class=\"uagb-faq-item\" role=\"tab\" tabindex=\"0\"><div class=\"uagb-faq-questions-button uagb-faq-questions\"><span class=\"uagb-icon uagb-faq-icon-wrap\"><svg xmlns=\"http:\/\/www.w3.org\/2000\/svg\" viewbox=\"0 0 448 512\"><path d=\"M416 208H272V64c0-17.67-14.33-32-32-32h-32c-17.67 0-32 14.33-32 32v144H32c-17.67 0-32 14.33-32 32v32c0 17.67 14.33 32 32 32h144v144c0 17.67 14.33 32 32 32h32c17.67 0 32-14.33 32-32V304h144c17.67 0 32-14.33 32-32v-32c0-17.67-14.33-32-32-32z\"><\/path><\/svg><\/span><span class=\"uagb-icon-active uagb-faq-icon-wrap\"><svg xmlns=\"http:\/\/www.w3.org\/2000\/svg\" viewbox=\"0 0 448 512\"><path d=\"M416 208H32c-17.67 0-32 14.33-32 32v32c0 17.67 14.33 32 32 32h384c17.67 0 32-14.33 32-32v-32c0-17.67-14.33-32-32-32z\"><\/path><\/svg><\/span><span class=\"uagb-question\">Quelle est la meilleure fa\u00e7on de transporter ma planche SUP Jobe ?<\/span><\/div><div class=\"uagb-faq-content\"><span><p>Nous vendons g\u00e9n\u00e9ralement des planches de SUP gonflables Jobe dans un emballage avec un sac \u00e0 dos inclus. <br\/>Si vous ne voulez pas transporter votre panneau dur de la voiture ou de la maison \u00e0 l&#8217;eau, nous vous recommandons un chariot \u00e0 planche. Avec le petit assistant, vous pouvez simplement tirer la planche derri\u00e8re vous. <\/p><\/span><\/div><\/div><\/div><\/div>\n<\/div><\/div>\n<\/div>\n<\/div>\n\n<div style=\"height:20px\" aria-hidden=\"true\" class=\"wp-block-spacer\"><\/div>\n<section class=\"product-questions\">\n    <div class=\"row\">\n        <div class=\"col-md-6\">\n\t        <h3>Demander?<\/h3><p>Si votre question ne figure pas ici, pas de probl\u00e8me. Entrer en contact!<\/p>\n        <\/div>\n\n        <div class=\"col-md-6\">\n            <ul>\n\t\t                    <\/ul>\n        <\/div>\n    <\/div>\n<\/section>","protected":false},"excerpt":{"rendered":"<p>votre visite chez nous exp\u00e9dition garantie Entretien et rangement de la planche<\/p>\n","protected":false},"author":1,"featured_media":0,"parent":0,"menu_order":0,"comment_status":"closed","ping_status":"closed","template":"pageBasic.php","meta":[],"yst_prominent_words":[1177,1170,166,1176,1172,1174,1171,1175,308,1169,949,185,183,287,1173,1178,1179],"uagb_featured_image_src":{"full":false,"thumbnail":false,"medium":false,"medium_large":false,"large":false,"1536x1536":false,"2048x2048":false,"employee":false,"header_desktop":false,"header_mobile":false,"blog":false,"product_categories":false,"product_icon_benefits":false,"product_image_comparison":false,"product_image_customer":false,"blog-home":false,"woocommerce_thumbnail":false,"woocommerce_single":false,"woocommerce_gallery_thumbnail":false,"shop_catalog":false,"shop_single":false,"shop_thumbnail":false,"ppec_logo_image_size":false,"ppec_header_image_size":false},"uagb_author_info":{"display_name":"supshop","author_link":"https:\/\/www.sup-shop.berlin\/fr\/author\/supshop\/"},"uagb_comment_info":0,"uagb_excerpt":"votre visite chez nous exp\u00e9dition garantie Entretien et rangement de la planche","_links":{"self":[{"href":"https:\/\/www.sup-shop.berlin\/fr\/wp-json\/wp\/v2\/pages\/14507"}],"collection":[{"href":"https:\/\/www.sup-shop.berlin\/fr\/wp-json\/wp\/v2\/pages"}],"about":[{"href":"https:\/\/www.sup-shop.berlin\/fr\/wp-json\/wp\/v2\/types\/page"}],"author":[{"embeddable":true,"href":"https:\/\/www.sup-shop.berlin\/fr\/wp-json\/wp\/v2\/users\/1"}],"replies":[{"embeddable":true,"href":"https:\/\/www.sup-shop.berlin\/fr\/wp-json\/wp\/v2\/comments?post=14507"}],"version-history":[{"count":0,"href":"https:\/\/www.sup-shop.berlin\/fr\/wp-json\/wp\/v2\/pages\/14507\/revisions"}],"wp:attachment":[{"href":"https:\/\/www.sup-shop.berlin\/fr\/wp-json\/wp\/v2\/media?parent=14507"}],"wp:term":[{"taxonomy":"yst_prominent_words","embeddable":true,"href":"https:\/\/www.sup-shop.berlin\/fr\/wp-json\/wp\/v2\/yst_prominent_words?post=14507"}],"curies":[{"name":"wp","href":"https:\/\/api.w.org\/{rel}","templated":true}]}}