{"id":13119,"date":"2021-01-08T20:36:38","date_gmt":"2022-04-15T09:37:58","guid":{"rendered":"https:\/\/www.sup-shop.berlin\/produkt\/pagaie-en-fibre-de-verre-carbone-3-pieces\/"},"modified":"2022-04-15T11:38:00","modified_gmt":"2022-04-15T09:38:00","slug":"pagaie-en-fibre-de-verre-carbone-3-pieces","status":"publish","type":"product","link":"https:\/\/www.sup-shop.berlin\/fr\/produkt\/pagaie-en-fibre-de-verre-carbone-3-pieces\/","title":{"rendered":"Pagaie en fibre de verre\/carbone (3 pi\u00e8ces)"},"content":{"rendered":"\n<div class=\"wp-block-columns\">\n<div class=\"wp-block-column\">\n<h2>AVANTAGES DU PRODUIT<\/h2>\n\n\n<section class=\"product-benefits\">\n    <ul><li><div><img src=\"https:\/\/www.sup-shop.berlin\/wp-content\/uploads\/2021\/01\/feder-icon-35px_web-10012021.png\" title=\"Leichtes Material\" alt=\"Leichtes Material\"><\/div><p>Ne p\u00e8se que 780g<\/p>\n<\/li><li><div><img src=\"https:\/\/www.sup-shop.berlin\/wp-content\/uploads\/2021\/01\/einfach-zu-transportieren-icon-35px_web-10012021.png\" title=\"facile \u00e0 transporter\" alt=\"facile \u00e0 transporter\"><\/div><p>3 parties &#8211; parfait pour le transport<\/p>\n<\/li><li><div><img src=\"https:\/\/www.sup-shop.berlin\/wp-content\/uploads\/2021\/01\/stufenlos-verstellbar-icon-35px_web-10012021.png\" title=\"r\u00e9glable en continu\" alt=\"r\u00e9glable en continu\"><\/div><p>r\u00e9glable en continu jusqu&#8217;\u00e0 220 cm<\/p>\n<\/li><\/ul><\/section><\/div>\n\n\n\n<div class=\"wp-block-column lined-list\">\n<h2>LA DESCRIPTION<\/h2>\n\n\n\n<ul><li><strong>niveaux : <\/strong>D\u00e9butants &amp; avanc\u00e9s<\/li><li><strong>Mat\u00e9riel:<\/strong> 80% fibre de verre 20% carbone<\/li><li><strong>Couleurs : <\/strong>Vert ou Orange<\/li><\/ul>\n\n\n<div style=\"height:10px\" aria-hidden=\"true\" class=\"wp-block-spacer\"><\/div>\n<\/div>\n<\/div>\n\n<div style=\"height:10px\" aria-hidden=\"true\" class=\"wp-block-spacer\"><\/div>\n\n<div class=\"wp-block-columns\">\n<div class=\"wp-block-column\"><section class=\"product-recommend\">\n\n\t<i class=\"loin fa-ampoule\" aria-hidden=\"true\"><\/i><h3>Nous recommandons:<\/h3><p>La pagaie en fibre de verre 3 pi\u00e8ces de Jobe est le gagnant du rapport qualit\u00e9-prix de notre gamme. La pagaie best-seller absolue avec nous!<\/p>\n\n<\/section><\/div>\n\n\n\n<div class=\"wp-block-column\">\n<h2>QU&#8217;EST-CE QUI DIFF\u00c8RE CETTE PAGAIE DES PAGAIES DE SUP NORMALES ?<\/h2>\n\n\n\n<p>Die meisten SUP Board Pakete werden mit einem sehr g\u00fcnstigen Paddel aus Teil-Fiberglas oder sogar Aluminium verkauft. <\/p>\n\n\n\n<p>La pagaie en fibre de verre JOBE avec teneur en carbone est le prochain niveau de qualit\u00e9 :<\/p>\n\n\n<ul class=\"custom-icon-list\"><li>fas fa-fl\u00e8che-droiteIl est agr\u00e9ablement l\u00e9ger et poss\u00e8de une rigidit\u00e9 exceptionnelle.<\/li><li>fas fa-fl\u00e8che-droiteCeci est tr\u00e8s perceptible en propulsion, car vous pouvez obtenir une tr\u00e8s bonne propulsion avec moins d&#8217;effort et d&#8217;effort.<\/li><\/ul>\n\n\n<p><a href=\"https:\/\/www.sup-shop.berlin\/das-richtige-sup-paddel-fuer-einsteiger-finden\/\">Quelle est la pagaie id\u00e9ale pour vous ? Comment les mat\u00e9riaux diff\u00e8rent-ils?<\/a><\/p>\n<\/div>\n<\/div>\n\n<div style=\"height:10px\" aria-hidden=\"true\" class=\"wp-block-spacer\"><\/div>\n\n<div class=\"wp-block-columns\">\n<div class=\"wp-block-column\">\n<figure class=\"wp-block-image size-large\"><img width=\"422\" height=\"422\" src=\"https:\/\/www.sup-shop.berlin\/wp-content\/uploads\/2020\/08\/Mask-Group.png\" alt=\"Pagaie debout\" class=\"wp-image-13088\" srcset=\"https:\/\/www.sup-shop.berlin\/wp-content\/uploads\/2020\/08\/Mask-Group.png 422w, https:\/\/www.sup-shop.berlin\/wp-content\/uploads\/2020\/08\/Mask-Group-400x400.png 400w, https:\/\/www.sup-shop.berlin\/wp-content\/uploads\/2020\/08\/Mask-Group-300x300.png 300w, https:\/\/www.sup-shop.berlin\/wp-content\/uploads\/2020\/08\/Mask-Group-100x100.png 100w\" sizes=\"(max-width: 422px) 100vw, 422px\" \/><\/figure><\/div>\n\n\n\n<div class=\"wp-block-column\">\n<h2>NOTRE EXP\u00c9RIENCE AVEC LA MARQUE JOBE<\/h2>\n\n\n\n<p>Les clients de notre location de SUP \u00e0 Schlachtensee \u00e0 Berlin sont tr\u00e8s satisfaits des JOBE BOARDS depuis 2015.<br\/>Les planches robustes de JOBE r\u00e9sistent tr\u00e8s bien \u00e0 une utilisation intensive en location. Cela nous donne un aper\u00e7u authentique de la long\u00e9vit\u00e9 de ces planches pour les ann\u00e9es \u00e0 venir. Les clients qui reviennent dans notre magasin de SUP le confirment<\/p>\n\n\n\n<p><\/p>\n<\/div>\n<\/div>\n\n<div style=\"height:10px\" aria-hidden=\"true\" class=\"wp-block-spacer\"><\/div>\n<section class=\"product-questions\">\n    <div class=\"row\">\n        <div class=\"col-md-6\">\n\t        <h3>NOUS VOUS CONSEILLONS<\/h3><p>Avez-vous encore des questions? Nous nous ferons un plaisir de vous conseiller personnellement. Contactez-nous !<\/p>\n        <\/div>\n\n        <div class=\"col-md-6\">\n            <ul>\n\t\t                    <\/ul>\n        <\/div>\n    <\/div>\n<\/section>\n<div style=\"height:10px\" aria-hidden=\"true\" class=\"wp-block-spacer\"><\/div>\n\n<div class=\"wp-block-columns\">\n<div class=\"wp-block-column\">\n<h2>EXP\u00c9RIENCE CLIENT<\/h2>\n\n\n\n<p>Les exp\u00e9riences que nos clients ont eu avec ce produit<\/p>\n<\/div>\n\n\n\n<div class=\"wp-block-column\"><\/div>\n<\/div>\n<section class=\"product-customer-feedback\">\n\n            \n\n\n<\/section>\n<p><\/p>\n","protected":false},"excerpt":{"rendered":"<p style=\"text-align: left;\"><strong><span style=\"font-size: 100%;\">Exp\u00e9dition imm\u00e9diate DHL : 1-3 jours<\/span><\/strong><\/p>\n<p><strong><span style=\"font-size: 100%;\">Mati\u00e8re : 80% fibre de verre 20% carbone<\/span><\/strong><\/p>\n<p style=\"text-align: left;\"><strong><span style=\"font-size: 100%;\">Garantie du meilleur prix <\/span><\/strong>[text-popup title=\"Notre meilleur prix garanti\" text=\"Nous vous garantissons le prix le moins cher pour ce produit. autres revendeurs bas\u00e9s en Allemagne. Trouver une meilleure offre ? Envoyez-nous un lien et attendez avec impatience notre offre.\"]?[\/text-popup]<\/p>\n<hr>\n<p>Pagaie en 3 parties en vert ou orange<\/p>\n","protected":false},"featured_media":13120,"comment_status":"open","ping_status":"closed","template":"","meta":[],"yst_prominent_words":[683,190,463,168,431,391,169,550,191],"_links":{"self":[{"href":"https:\/\/www.sup-shop.berlin\/fr\/wp-json\/wp\/v2\/product\/13119"}],"collection":[{"href":"https:\/\/www.sup-shop.berlin\/fr\/wp-json\/wp\/v2\/product"}],"about":[{"href":"https:\/\/www.sup-shop.berlin\/fr\/wp-json\/wp\/v2\/types\/product"}],"replies":[{"embeddable":true,"href":"https:\/\/www.sup-shop.berlin\/fr\/wp-json\/wp\/v2\/comments?post=13119"}],"wp:featuredmedia":[{"embeddable":true,"href":"https:\/\/www.sup-shop.berlin\/fr\/wp-json\/wp\/v2\/media\/13120"}],"wp:attachment":[{"href":"https:\/\/www.sup-shop.berlin\/fr\/wp-json\/wp\/v2\/media?parent=13119"}],"wp:term":[{"taxonomy":"yst_prominent_words","embeddable":true,"href":"https:\/\/www.sup-shop.berlin\/fr\/wp-json\/wp\/v2\/yst_prominent_words?post=13119"}],"curies":[{"name":"wp","href":"https:\/\/api.w.org\/{rel}","templated":true}]}}