{"id":13218,"date":"2020-10-12T11:28:50","date_gmt":"2022-04-15T13:07:09","guid":{"rendered":"https:\/\/www.sup-shop.berlin\/produkt\/2022-jobe-ventura-10-6\/"},"modified":"2024-05-06T08:51:57","modified_gmt":"2024-05-06T06:51:57","slug":"2022-jobe-ventura-10-6","status":"publish","type":"product","link":"https:\/\/www.sup-shop.berlin\/fr\/produkt\/2022-jobe-ventura-10-6\/","title":{"rendered":"2022 Jobe Ventura 10.6"},"content":{"rendered":"\n<div class=\"wp-block-columns\">\n<div class=\"wp-block-column\">\n<h2>avantages du produit<\/h2>\n\n\n<section class=\"product-benefits\">\n    <ul><li><div><img src=\"https:\/\/www.sup-shop.berlin\/wp-content\/uploads\/2020\/08\/sup-shop_icon-paddler_web_35x35px.png\" title=\"Poids du cavalier\" alt=\"Poids du cavalier\"><\/div><p>Jusqu&#8217;\u00e0 110 kg de poids du cycliste<\/p>\n<\/li><li><div><img src=\"https:\/\/www.sup-shop.berlin\/wp-content\/uploads\/2020\/08\/sup-shop_icon-kids_web_35x35px.png\" title=\"SUP avec des enfants\" alt=\"SUP avec des enfants\"><\/div><p>1 enfant suppl\u00e9mentaire<\/p>\n<\/li><li><div><img src=\"https:\/\/www.sup-shop.berlin\/wp-content\/uploads\/2020\/08\/sup-shop_icon-dog_web_35x35px.png\" title=\"Planche SUP avec chien\" alt=\"Planche SUP avec chien\"><\/div><p>Convient avec chien<\/p>\n<\/li><\/ul><\/section><\/div>\n\n\n\n<div class=\"wp-block-column lined-list\">\n<h2>la description<\/h2>\n\n\n\n<ul><li><strong>niveaux:<\/strong> D\u00e9butants &amp; polyvalents<\/li><li><strong>popularit\u00e9 : <\/strong>Le panneau dur le plus populaire<\/li><li><strong>corps d&#8217;eau : <\/strong>Rivi\u00e8res calmes \u00e0 ondul\u00e9es ainsi que lacs et zones c\u00f4ti\u00e8res<\/li><li><strong>filets \u00e0 bagages:<\/strong> 1x avant<\/li><li><strong>\u00e9tendue de la livraison: <\/strong>planche incl. Aileron, ligne de s\u00e9curit\u00e9 et prot\u00e8ge-rail<\/li><\/ul><\/div>\n<\/div>\n\n<div style=\"height:20px\" aria-hidden=\"true\" class=\"wp-block-spacer\"><\/div>\n\n<div class=\"wp-block-columns\">\n<div class=\"wp-block-column lined-list\">\n<h2>donn\u00e9es du produit<\/h2>\n\n\n\n<ul><li><strong>longueur:<\/strong> 10&#8217;6&#8221; (3,20 m)<\/li><li><strong>Large:<\/strong> 32&#8221; (81,3 cm)<\/li><li><strong>Hauteur:<\/strong> 5&#8221; (12,5 cm)<\/li><li><strong>le volume <\/strong>: 190L<\/li><li><strong>Poids du cycliste recommand\u00e9:<\/strong> jusqu&#8217;\u00e0 110 kg<\/li><li><strong>poids de la planche:<\/strong> 12,9 kg<\/li><li><strong>ID produit Jobe:<\/strong> 486521002<\/li><li><strong>\u00e9tendue de la livraison:<\/strong> planche incl. Aileron, ligne de s\u00e9curit\u00e9 et prot\u00e8ge-rail<\/li><\/ul><\/div>\n\n\n\n<div class=\"wp-block-column\">\n<h2>Comparaison de produits<\/h2>\n\n\n<section class=\"product-comparison\">\n    <div class=\"container\">\n        <div class=\"row\">\n\n\t        \n                <div class=\"col-sm-4 col-6 offset-md-2 left-box\">\n\t\t\t        <span class=\"headline\">VENTURA<\/span>\n\t\t\t        <img src=\"https:\/\/www.sup-shop.berlin\/wp-content\/uploads\/2020\/10\/Ventura-Vergleich-1-250x400.jpg\" title=\"Ventura\" alt=\"\">\n                <\/div>\n\n\t        \n\n\t        \n                <div class=\"col-sm-4 col-6\">\n\t\t\t        <span class=\"headline\">PARANA<\/span>\n\t\t\t        <img src=\"https:\/\/www.sup-shop.berlin\/wp-content\/uploads\/2020\/10\/Parana-Vergleich-1-250x400.jpg\" title=\"Parana 11.6\" alt=\"Parana 11.6\">\n                <\/div>\n\n\t        \n\n\n\n\n\n        <\/div>\n    <\/div>\n<\/section><\/div>\n<\/div>\n\n<div style=\"height:20px\" aria-hidden=\"true\" class=\"wp-block-spacer\"><\/div>\n\n<div class=\"wp-block-columns\">\n<div class=\"wp-block-column\">\n<h3>stabilit\u00e9 et maniabilit\u00e9<\/h3>\n\n\n\n<p>Le Ventura est nettement plus maniable gr\u00e2ce \u00e0 sa construction plus courte de 30 cm, et gr\u00e2ce \u00e0 sa plus grande largeur, il est \u00e9galement plus stable.<\/p>\n\n\n\n<h3>Ligne droite et vitesse<\/h3>\n\n\n\n<p>Le Parana a une meilleure stabilit\u00e9 directionnelle et atteint une vitesse plus \u00e9lev\u00e9e, cela est d\u00fb \u00e0 la conception plus longue et plus \u00e9troite par rapport au Ventura.<\/p>\n<\/div>\n\n\n\n<div class=\"wp-block-column\"><section class=\"product-recommend\">\n\n\t<i class=\"loin fa-ampoule\" aria-hidden=\"true\"><\/i><h3>Nous recommandons:<\/h3><p>Ceci est pour les d\u00e9butants et les polyvalents <strong>Ventura 10.6<\/strong> parfaitement adapt\u00e9, du fait de la largeur de la planche elle est tr\u00e8s stable et vous pourrez vous y tenir debout en toute s\u00e9curit\u00e9.<\/p>\n\n<\/section><\/div>\n<\/div>\n\n<div style=\"height:20px\" aria-hidden=\"true\" class=\"wp-block-spacer\"><\/div>\n<section class=\"product-questions\">\n    <div class=\"row\">\n        <div class=\"col-md-6\">\n\t        <h3>vous avez des questions <\/h3><p>Avez-vous encore des questions? Nous nous ferons un plaisir de vous conseiller personnellement. Entrer en contact!<\/p>\n        <\/div>\n\n        <div class=\"col-md-6\">\n            <ul>\n\t\t                    <\/ul>\n        <\/div>\n    <\/div>\n<\/section>\n<div style=\"height:20px\" aria-hidden=\"true\" class=\"wp-block-spacer\"><\/div>\n\n<div class=\"wp-block-columns\">\n<div class=\"wp-block-column\">\n<h2>Entrer en contact!<br\/>de la marque Jobe<\/h2>\n\n\n\n<p>Les clients de notre location de SUP \u00e0 Schlachtensee \u00e0 Berlin sont tr\u00e8s satisfaits des JOBE BOARDS depuis 2015.<br\/>Les planches robustes de JOBE r\u00e9sistent tr\u00e8s bien \u00e0 une utilisation intensive en location. Cela nous donne un aper\u00e7u authentique de la long\u00e9vit\u00e9 de ces planches pour les ann\u00e9es \u00e0 venir. Les clients fid\u00e8les de notre magasin de SUP le confirment.<\/p>\n<\/div>\n\n\n\n<div class=\"wp-block-column\">\n<figure class=\"wp-block-image size-large\"><img width=\"422\" height=\"422\" src=\"https:\/\/www.sup-shop.berlin\/wp-content\/uploads\/2020\/08\/Mask-Group.png\" alt=\"Pagaie debout\" class=\"wp-image-13088\" srcset=\"https:\/\/www.sup-shop.berlin\/wp-content\/uploads\/2020\/08\/Mask-Group.png 422w, https:\/\/www.sup-shop.berlin\/wp-content\/uploads\/2020\/08\/Mask-Group-400x400.png 400w, https:\/\/www.sup-shop.berlin\/wp-content\/uploads\/2020\/08\/Mask-Group-300x300.png 300w, https:\/\/www.sup-shop.berlin\/wp-content\/uploads\/2020\/08\/Mask-Group-100x100.png 100w\" sizes=\"(max-width: 422px) 100vw, 422px\" \/><\/figure><\/div>\n<\/div>\n\n<div style=\"height:20px\" aria-hidden=\"true\" class=\"wp-block-spacer\"><\/div>\n\n<div style=\"height:20px\" aria-hidden=\"true\" class=\"wp-block-spacer\"><\/div>\n\n<div class=\"wp-block-columns\">\n<div class=\"wp-block-column\">\n<h2>exp\u00e9rience client<\/h2>\n\n\n\n<p>Les exp\u00e9riences que nos clients ont eu avec ce produit<\/p>\n<\/div>\n\n\n\n<div class=\"wp-block-column\"><\/div>\n<\/div>\n<section class=\"product-customer-feedback\">\n\n            \n\n\n<\/section>","protected":false},"excerpt":{"rendered":"<p><strong>Disponible d\u00e8s maintenant!<\/strong><\/p>\n<p><strong>Planche en bambou exclusive &#8211; avec du vrai bambou !<\/strong><\/p>\n<p style=\"text-align: left;\"><strong><span style=\"font-size: 100%;\">exp\u00e9dition de fret <\/span><\/strong><span style=\"font-size: 100%;\">en Allemagne pour 49,90 \u20ac <\/span><strong><span style=\"font-size: 100%;\">ou r\u00e9cup\u00e9rez-le aujourd&#8217;hui dans notre boutique<\/span><\/strong> [text-popup title=\"Exp\u00e9dition ou collecte en magasin\" text=\"L'exp\u00e9dition se fait par courrier. Nous discuterons de la date de livraison avec vous individuellement apr\u00e8s avoir pass\u00e9 votre commande. Vous pouvez r\u00e9cup\u00e9rer gratuitement la planche dans notre magasin pendant nos heures d'ouverture. Dans ce cas \u00e9galement, nous vous contacterons apr\u00e8s que vous ayez pass\u00e9 votre commande.\"]![\/text-popup]<\/p>\n<p style=\"text-align: left;\"> <strong><span style=\"font-size: 100%;\"> Garantie du meilleur prix <\/span><\/strong>[text-popup title=\"Notre meilleur prix garanti\" text=\"Nous vous garantissons le prix le moins cher pour ce produit. autres revendeurs bas\u00e9s en Allemagne. Trouver une meilleure offre ? Envoyez-nous un lien et attendez avec impatience notre offre.\"]?[\/text-popup]<\/p>\n<hr>\n<p>Planche avec aileron, railsaver et leash<\/p>\n<p>Nous en avons un adapt\u00e9 <a href=\"https:\/\/www.sup-shop.berlin\/produkt\/jobe-bamboo-paddel\/\">Pagaie aspect bambou<\/a><\/p>\n","protected":false},"featured_media":11826,"comment_status":"open","ping_status":"closed","template":"","meta":[],"yst_prominent_words":[166,1270,190,177,1167,1251,708,295,168,550],"_links":{"self":[{"href":"https:\/\/www.sup-shop.berlin\/fr\/wp-json\/wp\/v2\/product\/13218"}],"collection":[{"href":"https:\/\/www.sup-shop.berlin\/fr\/wp-json\/wp\/v2\/product"}],"about":[{"href":"https:\/\/www.sup-shop.berlin\/fr\/wp-json\/wp\/v2\/types\/product"}],"replies":[{"embeddable":true,"href":"https:\/\/www.sup-shop.berlin\/fr\/wp-json\/wp\/v2\/comments?post=13218"}],"wp:featuredmedia":[{"embeddable":true,"href":"https:\/\/www.sup-shop.berlin\/fr\/wp-json\/wp\/v2\/media\/11826"}],"wp:attachment":[{"href":"https:\/\/www.sup-shop.berlin\/fr\/wp-json\/wp\/v2\/media?parent=13218"}],"wp:term":[{"taxonomy":"yst_prominent_words","embeddable":true,"href":"https:\/\/www.sup-shop.berlin\/fr\/wp-json\/wp\/v2\/yst_prominent_words?post=13218"}],"curies":[{"name":"wp","href":"https:\/\/api.w.org\/{rel}","templated":true}]}}