{"id":13282,"date":"2019-04-05T11:48:42","date_gmt":"2022-04-18T06:34:13","guid":{"rendered":"https:\/\/www.sup-shop.berlin\/produkt\/sup-transportwagen-von-jobe\/"},"modified":"2023-02-04T22:55:29","modified_gmt":"2023-02-04T21:55:29","slug":"sup-transportwagen-von-jobe","status":"publish","type":"product","link":"https:\/\/www.sup-shop.berlin\/fr\/produkt\/sup-transportwagen-von-jobe\/","title":{"rendered":"CAMION DE TRANSPORT SUP DE JOBE"},"content":{"rendered":"\n<div class=\"wp-block-columns lined-list\">\n<div class=\"wp-block-column\">\n<h2>AVANTAGES DU PRODUIT<br\/>Chariot SUP<\/h2>\n\n\n\n<ul><li>Poids l\u00e9ger avec roues amovibles<\/li><li>Avec un support pliable &#8211; il est donc stable contre le basculement<\/li><li>Les surfaces de contact sont recouvertes de mousse EVA afin que la planche ne soit pas endommag\u00e9e<\/li><li>Les roulements sont en acier inoxydable<\/li><li>Y compris la courroie de tension pour attacher la planche sur le chariot SUP.<\/li><\/ul><\/div>\n\n\n\n<div class=\"wp-block-column\">\n<h2>Description Chariot de transport SUP<\/h2>\n\n\n\n<ul><li>Convient : pour toutes les planches de SUP<\/li><li>Id\u00e9alement combinable avec <a href=\"https:\/\/www.sup-shop.berlin\/fr\/produkt-kategorie\/planche-dure-sup\/\">Panneaux durs en bambou<\/a><\/li><li>Poids chariot SUP : 2,7 kg<\/li><li>L\u00e4nge x Breite x H\u00f6he : 60 x 34 x 32 cm<\/li><li>ID du produit : 480019305<\/li><\/ul><\/div>\n<\/div>\n\n<div style=\"height:20px\" aria-hidden=\"true\" class=\"wp-block-spacer\"><\/div>\n\n<div class=\"wp-block-columns\">\n<div class=\"wp-block-column\"><section class=\"product-recommend\">\n\n\t<i class=\"far fa-lightbulb\" aria-hidden=\"true\"><\/i><h3>Nous recommandons: <\/h3><p>Le chariot de transport SUP de Jobe pour le transport d\u00e9tendu de votre stand up paddle \u00e0 l&#8217;eau.<\/p>\n<p>Le compagnon id\u00e9al autour de la planche, peu importe si <a href=\"https:\/\/www.sup-shop.berlin\/fr\/produkt-kategorie\/planches-de-sup-gonflables\/\">SUP gonflable<\/a> le commandant <a href=\"https:\/\/www.sup-shop.berlin\/fr\/produkt-kategorie\/planche-dure-sup\/\">panneau majeur<\/a>, \u00eatre transport\u00e9 de la voiture \u00e0 l&#8217;eau. Le chariot de transport SUP rend le SUP encore plus amusant si le transporter est ennuyeux !<\/p>\n\n<\/section><\/div>\n\n\n\n<div class=\"wp-block-column\"><\/div>\n<\/div>\n\n<div style=\"height:20px\" aria-hidden=\"true\" class=\"wp-block-spacer\"><\/div>\n\n<div style=\"height:20px\" aria-hidden=\"true\" class=\"wp-block-spacer\"><\/div>\n\n<div class=\"wp-block-columns\">\n<div class=\"wp-block-column\">\n<h2>exp\u00e9rience client<\/h2>\n\n\n\n<p>Les exp\u00e9riences que nos clients ont eu avec ce produit<\/p>\n<\/div>\n\n\n\n<div class=\"wp-block-column\"><\/div>\n<\/div>\n","protected":false},"excerpt":{"rendered":"<p style=\"text-align: left;\"><strong><span style=\"font-size: 100%;\">Exp\u00e9dition imm\u00e9diate DHL : 1-3 jours<\/span><\/strong><\/p>\n<p><strong><span style=\"font-size: 100%;\">Aide au transport pour planches de SUP<\/span><\/strong><\/p>\n<p style=\"text-align: left;\"><strong><span style=\"font-size: 100%;\">Garantie du meilleur prix <\/span><\/strong>[text-popup title=\"Notre meilleur prix garanti\" text=\"Nous vous garantissons le prix le moins cher pour ce produit. autres revendeurs bas\u00e9s en Allemagne. Trouver une meilleure offre ? Envoyez-nous un lien et attendez avec impatience notre offre.\"]?[\/text-popup]<\/p>\n<hr>\n<p>Chariot de transport SUP avec roues amovibles et sangle de tension<\/p>\n","protected":false},"featured_media":10702,"comment_status":"open","ping_status":"closed","template":"","meta":[],"yst_prominent_words":[190,376,191,199,389,387],"_links":{"self":[{"href":"https:\/\/www.sup-shop.berlin\/fr\/wp-json\/wp\/v2\/product\/13282"}],"collection":[{"href":"https:\/\/www.sup-shop.berlin\/fr\/wp-json\/wp\/v2\/product"}],"about":[{"href":"https:\/\/www.sup-shop.berlin\/fr\/wp-json\/wp\/v2\/types\/product"}],"replies":[{"embeddable":true,"href":"https:\/\/www.sup-shop.berlin\/fr\/wp-json\/wp\/v2\/comments?post=13282"}],"wp:featuredmedia":[{"embeddable":true,"href":"https:\/\/www.sup-shop.berlin\/fr\/wp-json\/wp\/v2\/media\/10702"}],"wp:attachment":[{"href":"https:\/\/www.sup-shop.berlin\/fr\/wp-json\/wp\/v2\/media?parent=13282"}],"wp:term":[{"taxonomy":"yst_prominent_words","embeddable":true,"href":"https:\/\/www.sup-shop.berlin\/fr\/wp-json\/wp\/v2\/yst_prominent_words?post=13282"}],"curies":[{"name":"wp","href":"https:\/\/api.w.org\/{rel}","templated":true}]}}