{"id":14547,"date":"2022-04-29T13:56:18","date_gmt":"2022-04-29T11:56:18","guid":{"rendered":"https:\/\/www.sup-shop.berlin\/impronta\/"},"modified":"2022-04-29T13:56:19","modified_gmt":"2022-04-29T11:56:19","slug":"impronta","status":"publish","type":"page","link":"https:\/\/www.sup-shop.berlin\/it\/impronta\/","title":{"rendered":"impronta"},"content":{"rendered":"\n<h2 class=\"has-medium-font-size\">Contatto<\/h2>\n\n<p><strong>Cunabi Sports GmbH<\/strong> &#8211; Negozio di SUP Stand Up Paddle<strong><br\/><\/strong>Goerzwerk, Goerzallee 299 \u2013 Padiglione 8<br\/>14167 Berlino-Lichterfelde<\/p>\n\n<p>Tribunale distrettuale di Charlottenburg HRB 219524 B<br\/>Rappresentato da Philipp Wilhelm<br\/>Partita IVA: DE332957658<\/p>\n\n<p>E-Mail: <a href=\"mailto:verkauf@sup-shop.berlin\">verkauf@sup-shop.berlin<\/a><br\/>Telefon: <a href=\"tel:+49%20(0)%2030%20-%20214%20613%2007\">+49 (30) 214 613 07<\/a><\/p>\n\n<div style=\"height:10px\" aria-hidden=\"true\" class=\"wp-block-spacer\"><\/div>\n\n<h2 class=\"has-medium-font-size\"><strong>Marchio registrato<\/strong><\/h2>\n\n<div class=\"wp-block-columns\">\n<div class=\"wp-block-column\">\n<figure class=\"wp-block-image size-large\"><img width=\"884\" height=\"800\" src=\"https:\/\/www.sup-shop.berlin\/wp-content\/uploads\/2021\/04\/sup-shop-trademark-logo_19042021-884x800.png\" alt=\"sup-shop-trademark-logo_19042021\" class=\"wp-image-10473\" srcset=\"https:\/\/www.sup-shop.berlin\/wp-content\/uploads\/2021\/04\/sup-shop-trademark-logo_19042021-884x800.png 884w, https:\/\/www.sup-shop.berlin\/wp-content\/uploads\/2021\/04\/sup-shop-trademark-logo_19042021-442x400.png 442w, https:\/\/www.sup-shop.berlin\/wp-content\/uploads\/2021\/04\/sup-shop-trademark-logo_19042021-768x695.png 768w, https:\/\/www.sup-shop.berlin\/wp-content\/uploads\/2021\/04\/sup-shop-trademark-logo_19042021-1536x1390.png 1536w, https:\/\/www.sup-shop.berlin\/wp-content\/uploads\/2021\/04\/sup-shop-trademark-logo_19042021-2048x1853.png 2048w, https:\/\/www.sup-shop.berlin\/wp-content\/uploads\/2021\/04\/sup-shop-trademark-logo_19042021-600x543.png 600w, https:\/\/www.sup-shop.berlin\/wp-content\/uploads\/2021\/04\/sup-shop-trademark-logo_19042021-66x60.png 66w, https:\/\/www.sup-shop.berlin\/wp-content\/uploads\/2021\/04\/sup-shop-trademark-logo_19042021-99x90.png 99w\" sizes=\"(max-width: 884px) 100vw, 884px\" \/><\/figure><\/div>\n\n\n\n<div class=\"wp-block-column\">\n<p>Marchio di parola\/immagine registrato<\/p>\n<\/div>\n<\/div>\n\n<div style=\"height:10px\" aria-hidden=\"true\" class=\"wp-block-spacer\"><\/div>\n\n<h2 class=\"has-medium-font-size\"><strong>Risoluzione delle controversie online (OS)<\/strong><\/h2>\n\n<p>La Commissione Europea fornisce una piattaforma per la risoluzione delle controversie online (OS): <a href=\"http:\/\/ec.europa.eu\/consumers\/odr\/\">https:\/\/ec.europa.eu\/consumers\/odr\/<\/a>.<\/p>\n\n<p>Non siamo n\u00e9 obbligati n\u00e9 disposti a partecipare a una procedura di risoluzione delle controversie dinanzi a un collegio arbitrale dei consumatori.<\/p>\n\n<div style=\"height:10px\" aria-hidden=\"true\" class=\"wp-block-spacer\"><\/div>\n\n<h2 class=\"has-medium-font-size\"><strong>Responsabile dei contenuti acc. \u00a7 55 II RStV<\/strong><\/h2>\n\n<p>Philipp Wilhelm (vedi sopra)<\/p>\n\n<div style=\"height:10px\" aria-hidden=\"true\" class=\"wp-block-spacer\"><\/div>\n\n<h2 class=\"has-medium-font-size\"><strong>Disclaimer<\/strong><\/h2>\n\n<h3 class=\"has-normal-font-size\"><strong>Responsabilit\u00e0 per il contenuto<\/strong><\/h3>\n\n<p>Come fornitore di servizi siamo secondo \u00a7 7 Abs.1 TMG \u00e8 responsabile dei propri contenuti su queste pagine secondo le leggi generali. Ai sensi dei \u00a7\u00a7 da 8 a 10 TMG, tuttavia, noi come fornitori di servizi non siamo obbligati a monitorare le informazioni di terze parti trasmesse o memorizzate o a indagare su circostanze che indicano attivit\u00e0 illegali. Gli obblighi di rimuovere o bloccare l&#8217;uso delle informazioni secondo le leggi generali rimangono inalterati. Tuttavia, la responsabilit\u00e0 al riguardo \u00e8 possibile solo dal momento in cui \u00e8 nota la conoscenza di una specifica violazione della legge. Non appena veniamo a conoscenza di eventuali violazioni della legge, rimuoveremo immediatamente questo contenuto.<\/p>\n\n<h3 class=\"has-normal-font-size\"><strong>Responsabilit\u00e0 per link<\/strong><\/h3>\n\n<p>La nostra offerta contiene collegamenti a siti Web di terzi esterni, sui cui contenuti non abbiamo alcuna influenza. Pertanto non possiamo assumerci alcuna responsabilit\u00e0 per questo contenuto esterno. Il rispettivo fornitore o gestore delle pagine \u00e8 sempre responsabile del contenuto delle pagine collegate. Le pagine collegate sono state controllate per possibili violazioni legali al momento del collegamento. Il contenuto illegale non era riconoscibile al momento del collegamento. Tuttavia, un controllo permanente del contenuto delle pagine collegate non \u00e8 ragionevole senza prove concrete di una violazione. Non appena veniamo a conoscenza di violazioni legali, rimuoveremo immediatamente tali collegamenti.<\/p>\n\n<h3 class=\"has-normal-font-size\"><strong>diritto d&#8217;autore<\/strong><\/h3>\n\n<p>Il contenuto e le opere di queste pagine create dagli operatori del sito sono soggetti alla legge tedesca sul diritto d&#8217;autore. La duplicazione, la modifica, la distribuzione e qualsiasi tipo di sfruttamento al di fuori dei limiti del diritto d&#8217;autore richiedono il consenso scritto del rispettivo autore o creatore. Download e copie di questo sito sono consentiti solo per uso privato e non commerciale. Nella misura in cui il contenuto di questo sito non \u00e8 stato creato dal gestore, vengono rispettati i diritti d&#8217;autore di terzi. In particolare i contenuti di terzi sono contrassegnati come tali. Qualora doveste comunque venire a conoscenza di una violazione del diritto d&#8217;autore, vi chiediamo di informarci di conseguenza. Non appena veniamo a conoscenza di violazioni legali, rimuoveremo immediatamente tali contenuti.<\/p>\n\n<p><strong>Fonte:<\/strong> <a href=\"http:\/\/www.e-recht24.de\/muster-disclaimer.html\">eRecht24<\/a><\/p>\n\n<h2>Altri siti web<\/h2>\n\n<p><a aria-label=\"undefined (opens in a new tab)\" href=\"http:\/\/www.steh-paddler.com\" target=\"_blank\" rel=\"noreferrer noopener\">www.steh-paddler.com<\/a><\/p>\n\n<p><a href=\"http:\/\/www.cunabisports.com\" target=\"_blank\" aria-label=\"undefined (opens in a new tab)\" rel=\"noreferrer noopener\">www.cunabisports.com<\/a><\/p>\n","protected":false},"excerpt":{"rendered":"<p>Contatto Cunabi Sports GmbH &#8211; Negozio di SUP Stand Up PaddleGoerzwerk, Goerzallee 299 \u2013 Padiglione 814167 Berlino-Lichterfelde Tribunale distrettuale di Charlottenburg HRB 219524 BRappresentato da Philipp WilhelmPartita IVA: DE332957658 E-Mail:\u2026<\/p>\n","protected":false},"author":1,"featured_media":0,"parent":0,"menu_order":0,"comment_status":"closed","ping_status":"closed","template":"pageBasic.php","meta":[],"yst_prominent_words":[148,155,145,157,262,143,147,160,146,156,149,158,142,161,144],"uagb_featured_image_src":{"full":false,"thumbnail":false,"medium":false,"medium_large":false,"large":false,"1536x1536":false,"2048x2048":false,"employee":false,"header_desktop":false,"header_mobile":false,"blog":false,"product_categories":false,"product_icon_benefits":false,"product_image_comparison":false,"product_image_customer":false,"blog-home":false,"woocommerce_thumbnail":false,"woocommerce_single":false,"woocommerce_gallery_thumbnail":false,"shop_catalog":false,"shop_single":false,"shop_thumbnail":false,"ppec_logo_image_size":false,"ppec_header_image_size":false},"uagb_author_info":{"display_name":"supshop","author_link":"https:\/\/www.sup-shop.berlin\/it\/author\/supshop\/"},"uagb_comment_info":0,"uagb_excerpt":"Contatto Cunabi Sports GmbH &#8211; Negozio di SUP Stand Up PaddleGoerzwerk, Goerzallee 299 \u2013 Padiglione 814167 Berlino-Lichterfelde Tribunale distrettuale di Charlottenburg HRB 219524 BRappresentato da Philipp WilhelmPartita IVA: DE332957658 E-Mail:\u2026","_links":{"self":[{"href":"https:\/\/www.sup-shop.berlin\/it\/wp-json\/wp\/v2\/pages\/14547"}],"collection":[{"href":"https:\/\/www.sup-shop.berlin\/it\/wp-json\/wp\/v2\/pages"}],"about":[{"href":"https:\/\/www.sup-shop.berlin\/it\/wp-json\/wp\/v2\/types\/page"}],"author":[{"embeddable":true,"href":"https:\/\/www.sup-shop.berlin\/it\/wp-json\/wp\/v2\/users\/1"}],"replies":[{"embeddable":true,"href":"https:\/\/www.sup-shop.berlin\/it\/wp-json\/wp\/v2\/comments?post=14547"}],"version-history":[{"count":0,"href":"https:\/\/www.sup-shop.berlin\/it\/wp-json\/wp\/v2\/pages\/14547\/revisions"}],"wp:attachment":[{"href":"https:\/\/www.sup-shop.berlin\/it\/wp-json\/wp\/v2\/media?parent=14547"}],"wp:term":[{"taxonomy":"yst_prominent_words","embeddable":true,"href":"https:\/\/www.sup-shop.berlin\/it\/wp-json\/wp\/v2\/yst_prominent_words?post=14547"}],"curies":[{"name":"wp","href":"https:\/\/api.w.org\/{rel}","templated":true}]}}