{"id":14198,"date":"2019-04-04T16:39:19","date_gmt":"2022-04-22T07:30:14","guid":{"rendered":"https:\/\/www.sup-shop.berlin\/produkt\/pompa-sup-tripla-azione\/"},"modified":"2022-08-02T14:47:45","modified_gmt":"2022-08-02T12:47:45","slug":"pompa-sup-tripla-azione","status":"publish","type":"product","link":"https:\/\/www.sup-shop.berlin\/it\/produkt\/pompa-sup-tripla-azione\/","title":{"rendered":"Pompa SUP Tripla Azione"},"content":{"rendered":"\n<div class=\"wp-block-columns lined-list\">\n<div class=\"wp-block-column\">\n<h2>PERCHE&#8217; LA TRIPLA AZIONE?<\/h2>\n\n\n\n<p>La pompa SUP a tripla azione \u00e8 progettata per gonfiare gli <a href=\"https:\/\/www.sup-shop.berlin\/it\/produkt-kategorie\/tavole-sup-gonfiabili\/\">iSUP<\/a>il pi\u00f9 rapidamente possibile e con il minimo sforzo necessario. Con l&#8217;aiuto di due cilindri,<strong>l&#8217;aria entra nella tavola due volte pi\u00f9 velocemente rispetto a una pompa a mano convenzionale.<\/strong><\/p>\n<\/div>\n\n\n\n<div class=\"wp-block-column\">\n<h2>Dettagli del <strong>prodotto<\/strong><\/h2>\n\n\n\n<ul><li>Lunghezza: 64 cm<\/li><li>Larghezza: 35 cm<\/li><li>Profondit\u00e0: 12 cm<\/li><li>Colori: pompa nera e bianca con tubo bianco<\/li><li>Volume del cilindro: 2x 3,5L<\/li><li>ID prodotto Jobe: 410019004<\/li><\/ul>\n\n\n<p><\/p>\n<\/div>\n<\/div>\n\n<div class=\"wp-block-columns lined-list\">\n<div class=\"wp-block-column\">\n<h2>\u00c8 possibile impostare tre diversi livelli<\/h2>\n\n\n\n<ul><li><strong>Nella prima fase, la tavola viene gonfiata a circa 5 psi<\/strong> (equivalenti a 0,34 bar); la tavola \u00e8 in forma. Vengono utilizzati entrambi i cilindri; L&#8217;aria viene pompata sia durante la spinta che durante la trazione.<br\/>Insieme a<\/li><li>Il secondo stadio viene <strong>utilizzato per forzare l&#8217;aria nella scheda fino a una pressione di 10 psi<\/strong> (0,67 bar). Entrambi i cilindri sono ancora utilizzati, con pompaggio solo in pressatura.<\/li><li>L&#8217;ultimo <strong>stadio serve a raggiungere la pressione massima dell&#8217;aria fino a 21 psi<\/strong>(1,4 bar). Solo uno dei due cilindri \u00e8 attivo quando premuto.<\/li><\/ul><\/div>\n\n\n\n<div class=\"wp-block-column\">\n<h2>Pompa SUP a tripla azione: vantaggio rispetto alle pompe convenzionali?<\/h2>\n\n\n\n<p>Rispetto a una normale pompa a mano, la pompa a tripla azione consente di pompare una grande quantit\u00e0 di aria nella tavola a bassa pressione con meno colpi all&#8217;inizio. Pi\u00f9 aria \u00e8 gi\u00e0 nella tavola, maggiore \u00e8 la potenza muscolare di cui hai bisogno. Pi\u00f9 aria \u00e8 gi\u00e0 nella tavola, maggiore \u00e8 la potenza muscolare di cui hai bisogno. La doppia impugnatura \u00e8 pi\u00f9 grande e quindi pi\u00f9 facile da impugnare rispetto all&#8217;impugnatura delle normali pompe SUP. C&#8217;\u00e8 un manometro dell&#8217;aria in psi sulla parte superiore della maniglia.<\/p>\n<\/div>\n<\/div>\n\n<div class=\"wp-block-columns\">\n<div class=\"wp-block-column\">\n<figure class=\"wp-block-image size-large\"><img width=\"800\" height=\"800\" src=\"https:\/\/www.sup-shop.berlin\/wp-content\/uploads\/2019\/04\/410019004-lifestyle-2-big-square.jpg\" alt=\"\" class=\"wp-image-13595\" srcset=\"https:\/\/www.sup-shop.berlin\/wp-content\/uploads\/2019\/04\/410019004-lifestyle-2-big-square.jpg 800w, https:\/\/www.sup-shop.berlin\/wp-content\/uploads\/2019\/04\/410019004-lifestyle-2-big-square-400x400.jpg 400w, https:\/\/www.sup-shop.berlin\/wp-content\/uploads\/2019\/04\/410019004-lifestyle-2-big-square-300x300.jpg 300w, https:\/\/www.sup-shop.berlin\/wp-content\/uploads\/2019\/04\/410019004-lifestyle-2-big-square-768x768.jpg 768w, https:\/\/www.sup-shop.berlin\/wp-content\/uploads\/2019\/04\/410019004-lifestyle-2-big-square-450x450.jpg 450w, https:\/\/www.sup-shop.berlin\/wp-content\/uploads\/2019\/04\/410019004-lifestyle-2-big-square-48x48.jpg 48w, https:\/\/www.sup-shop.berlin\/wp-content\/uploads\/2019\/04\/410019004-lifestyle-2-big-square-600x600.jpg 600w, https:\/\/www.sup-shop.berlin\/wp-content\/uploads\/2019\/04\/410019004-lifestyle-2-big-square-100x100.jpg 100w\" sizes=\"(max-width: 800px) 100vw, 800px\" \/><\/figure><\/div>\n\n\n\n<div class=\"wp-block-column\">\n<h2>Quanto tempo ho bisogno di gonfiare il mio SUP?<\/h2>\n\n\n\n<p>Tutto dipende dalla potenza muscolare che usi \ud83d\ude42<br\/>Quando si utilizza una pompa convenzionale per la prima volta, dovresti aspettarti 8-12 minuti. Con la pompa a tripla azione, il gonfiaggio \u00e8 un po&#8217; pi\u00f9 comodo e veloce. Se hai intenzione di andare spesso in acqua con la tavola, questa pompa \u00e8 chiaramente un vantaggio.<\/p>\n<\/div>\n<\/div>\n\n<div style=\"height:20px\" aria-hidden=\"true\" class=\"wp-block-spacer\"><\/div>\n<section class=\"product-questions\">\n    <div class=\"row\">\n        <div class=\"col-md-6\">\n\t        <h3>TI CONSIGLIIAMO<\/h3><p>Hai ancora domande? Saremo lieti di consigliarvi personalmente. Mettiti in contatto!<\/p>\n        <\/div>\n\n        <div class=\"col-md-6\">\n            <ul>\n\t\t                    <\/ul>\n        <\/div>\n    <\/div>\n<\/section>\n<div style=\"height:20px\" aria-hidden=\"true\" class=\"wp-block-spacer\"><\/div>\n\n<div class=\"wp-block-columns\">\n<div class=\"wp-block-column\">\n<h2>Quale pressione dell&#8217;aria per il mio SUP gonfiabile?<\/h2>\n\n\n\n<p>In generale, maggiore \u00e8 la pressione, pi\u00f9 rigida \u00e8 la tavola. A causa della maggiore pressione dell&#8217;aria, anche la galleggiabilit\u00e0 \u00e8 significativamente pi\u00f9 alta. Ci\u00f2 significa che la tavola giace pi\u00f9 piatta sull&#8217;acqua e sposta anche meno acqua durante la guida. La pressione dell&#8217;aria consigliata dal produttore varia notevolmente a seconda del modello. In ogni caso, seguire la pressione ivi specificata.<\/p>\n\n\n\n<p><\/p>\n<\/div>\n\n\n\n<div class=\"wp-block-column\">\n<p>Le nostre tavole SUP Jobe dovrebbero sempre essere pompate a 20 PSI.<\/p>\n\n\n\n<p>Ci\u00f2 ti consente di guidare pi\u00f9 velocemente e pi\u00f9 stabile utilizzando meno sforzo.<\/p>\n<\/div>\n<\/div>\n\n<div style=\"height:20px\" aria-hidden=\"true\" class=\"wp-block-spacer\"><\/div>\n\n<div class=\"wp-block-columns\">\n<div class=\"wp-block-column\">\n<h2>esperienza del cliente<\/h2>\n\n\n\n<p>Le esperienze che i nostri clienti hanno avuto con questo prodotto<\/p>\n<\/div>\n\n\n\n<div class=\"wp-block-column\"><\/div>\n<\/div>\n","protected":false},"excerpt":{"rendered":"<p style=\"text-align: left;\"><strong><span style=\"font-size: 100%;\">Spedizione immediata DHL: 1-3 giorni<\/span><\/strong><\/p>\n<p style=\"text-align: left;\"><strong><span style=\"font-size: 100%;\">Miglior prezzo garantito <\/span><\/strong>[text-popup title=\"La nostra garanzia del miglior prezzo\" text=\"Ti garantiamo il prezzo pi\u00f9 conveniente per questo prodotto. altri rivenditori con sede in Germania. Trovare un affare migliore? Inviaci un link e attendo con ansia la nostra offerta.\"]?[\/text-popup]<\/p>\n<hr>\n<p>Pompa a tripla azione per valvole Halkey Roberts<\/p>\n","protected":false},"featured_media":14199,"comment_status":"open","ping_status":"closed","template":"","meta":[],"yst_prominent_words":[318,329,166,322,325,313,315,319,312,314,191,656,317,310,328,320],"_links":{"self":[{"href":"https:\/\/www.sup-shop.berlin\/it\/wp-json\/wp\/v2\/product\/14198"}],"collection":[{"href":"https:\/\/www.sup-shop.berlin\/it\/wp-json\/wp\/v2\/product"}],"about":[{"href":"https:\/\/www.sup-shop.berlin\/it\/wp-json\/wp\/v2\/types\/product"}],"replies":[{"embeddable":true,"href":"https:\/\/www.sup-shop.berlin\/it\/wp-json\/wp\/v2\/comments?post=14198"}],"wp:featuredmedia":[{"embeddable":true,"href":"https:\/\/www.sup-shop.berlin\/it\/wp-json\/wp\/v2\/media\/14199"}],"wp:attachment":[{"href":"https:\/\/www.sup-shop.berlin\/it\/wp-json\/wp\/v2\/media?parent=14198"}],"wp:term":[{"taxonomy":"yst_prominent_words","embeddable":true,"href":"https:\/\/www.sup-shop.berlin\/it\/wp-json\/wp\/v2\/yst_prominent_words?post=14198"}],"curies":[{"name":"wp","href":"https:\/\/api.w.org\/{rel}","templated":true}]}}