{"id":14207,"date":"2019-04-05T11:25:58","date_gmt":"2022-04-22T07:38:48","guid":{"rendered":"https:\/\/www.sup-shop.berlin\/produkt\/pagaia-jobe-carbon-sup-3-pezzi\/"},"modified":"2022-08-01T16:08:35","modified_gmt":"2022-08-01T14:08:35","slug":"pagaia-jobe-carbon-sup-3-pezzi","status":"publish","type":"product","link":"https:\/\/www.sup-shop.berlin\/it\/produkt\/pagaia-jobe-carbon-sup-3-pezzi\/","title":{"rendered":"Pagaia Jobe Carbon SUP (3 pezzi)"},"content":{"rendered":"\n<div class=\"wp-block-columns\">\n<div class=\"wp-block-column\">\n<h2>VANTAGGI DEL PRODOTTO<\/h2>\n\n\n<section class=\"product-benefits\">\n    <ul><li><div><img src=\"https:\/\/www.sup-shop.berlin\/wp-content\/uploads\/2021\/01\/feder-icon-35px_web-10012021.png\" title=\"materiale leggero\" alt=\"materiale leggero\"><\/div><p>Molto leggero e stabile<\/p>\n<\/li><li><div><img src=\"https:\/\/www.sup-shop.berlin\/wp-content\/uploads\/2021\/01\/einfach-zu-transportieren-icon-35px_web-10012021.png\" title=\"facile da trasportare\" alt=\"facile da trasportare\"><\/div><p>Trasportabile compatto in 3 parti<\/p>\n<\/li><li><div><img src=\"https:\/\/www.sup-shop.berlin\/wp-content\/uploads\/2021\/01\/stufenlos-verstellbar-icon-35px_web-10012021.png\" title=\"infinitamente regolabile\" alt=\"infinitamente regolabile\"><\/div><p>regolabile in continuo fino a 220 cm<\/p>\n<\/li><\/ul><\/section><\/div>\n\n\n\n<div class=\"wp-block-column lined-list\">\n<h2>descrizione<\/h2>\n\n\n\n<ul><li><strong>Livello:<\/strong> Avanzato e Professionisti<\/li><li><strong>Peso:<\/strong> 680 g<\/li><li><strong>Materiale:<\/strong> 100% carbonio<\/li><li><strong>Dimensioni della lama della paletta:<\/strong> 93,3 pollici\u00b2<\/li><li><strong>Fornitura:<\/strong> 3 pz. pagaia incl. tasca<\/li><li><strong>ID prodotto Jobe:<\/strong> 486721003<\/li><\/ul><\/div>\n<\/div>\n\n<div style=\"height:20px\" aria-hidden=\"true\" class=\"wp-block-spacer\"><\/div>\n\n<div class=\"wp-block-columns\">\n<div class=\"wp-block-column\"><section class=\"product-recommend\">\n\n\t<i class=\"far fa-lightbulb\" aria-hidden=\"true\"><\/i><h3>Noi raccomandiamo:<\/h3><p>Questa pagaia in 3 pezzi \u00e8 perfetta per chi desidera la migliore propulsione possibile con il minimo sforzo.<\/p>\n\n<\/section><\/div>\n\n\n\n<div class=\"wp-block-column\">\n<h2>Vantaggi delle pagaie in carbonio<\/h2>\n\n\n\n<p>Quando si costruiscono le pagaie SUP, l&#8217;uso del carbonio offre i seguenti vantaggi:<\/p>\n\n\n<ul class=\"custom-icon-list\"><li><i class=\"far fa-thumbs-up\" aria-hidden=\"true\"><\/i>Peso contenuto: poco meno di \u00bd kg. Questo peso ridotto della pagaia consente di risparmiare lo sforzo della pagaiata, consente una migliore tecnica di pagaiata e riduce il potenziale dolore ai muscoli e alle articolazioni.<\/li><li><i class=\"far fa-thumbs-up\" aria-hidden=\"true\"><\/i>Elevata rigidit\u00e0 dell&#8217;albero della pagaia, il che significa che si piega meno durante l&#8217;immersione e l&#8217;attraversamento. Migliore trasmissione di potenza e massima propulsione.<\/li><\/ul><\/div>\n<\/div>\n\n<div style=\"height:20px\" aria-hidden=\"true\" class=\"wp-block-spacer\"><\/div>\n\n<div class=\"wp-block-columns\">\n<div class=\"wp-block-column\">\n<h2>Paddle SUP Carbon Jobe In 2 varianti<\/h2>\n\n\n\n<p>Offriamo la pagaia SUP in carbonio nelle varianti: 2, 3 pezzi. Tutte le varianti sono realizzate con albero e lama in carbonio al 100% e offrono una rigidit\u00e0 molto elevata con un peso minimo. La lama della paletta \u00e8 dotata ciascuna di un bordo in ABS per proteggere da urti e graffi e ha le seguenti dimensioni: dimensione della lama: 93,3 in2; larghezza lama: 206 mm; Angolo lama: 10\u00b0. Anche la comoda impugnatura a T \u00e8 realizzata in carbonio e collegata direttamente all&#8217;asta della paletta.<\/p>\n<\/div>\n\n\n\n<div class=\"wp-block-column\">\n<p>3 pezzi: questa variante \u00e8 la Jobe Carbon Pro SUP Paddle 3pc regolabile in altezza. L&#8217;asta in tre parti viene assemblata rapidamente e dispone di una cerniera a clip nella parte superiore, in modo da poter regolare l&#8217;altezza della paletta altrettanto rapidamente e facilmente. Smontata nelle sue tre parti, la pagaia si adatta allo zaino della tavola ed \u00e8 facile da riporre e trasportare.<\/p>\n\n\n\n<p>Vuoi la massima velocit\u00e0 e facilit\u00e0 durante la pagaiata? <strong>Quindi il carbonio \u00e8 il materiale di tua scelta. <\/strong><\/p>\n<\/div>\n<\/div>\n\n<div style=\"height:20px\" aria-hidden=\"true\" class=\"wp-block-spacer\"><\/div>\n\n<div style=\"height:20px\" aria-hidden=\"true\" class=\"wp-block-spacer\"><\/div>\n\n<div class=\"wp-block-columns\">\n<div class=\"wp-block-column\">\n<h2>esperienza del cliente<\/h2>\n\n\n\n<p>Le esperienze che i nostri clienti hanno avuto con questo prodotto<\/p>\n<\/div>\n\n\n\n<div class=\"wp-block-column\"><\/div>\n<\/div>\n<section class=\"product-customer-feedback\">\n\n            \n\n\n<\/section>","protected":false},"excerpt":{"rendered":"<p style=\"text-align: left;\"><strong><span style=\"font-size: 100%;\">Spedizione immediata DHL: 1-3 giorni<\/span><\/strong><\/p>\n<p><strong><span style=\"font-size: 100%;\">Materiale: 100% carbonio<\/span><\/strong><\/p>\n<p style=\"text-align: left;\"><strong><span style=\"font-size: 100%;\">Miglior prezzo garantito <\/span><\/strong>[text-popup title=\"La nostra garanzia del miglior prezzo\" text=\"Ti garantiamo il prezzo pi\u00f9 conveniente per questo prodotto. altri rivenditori con sede in Germania. Trovare un affare migliore? Inviaci un link e attendo con ansia la nostra offerta.\"]?[\/text-popup]<\/p>\n<hr>\n<p>Pagaia in carbonio in 3 pezzi con borsa<\/p>\n","protected":false},"featured_media":15210,"comment_status":"open","ping_status":"closed","template":"","meta":[],"yst_prominent_words":[659,362,855,350,1245,349,338,360,376,168,391,353,550,191,335,1118,361,359],"_links":{"self":[{"href":"https:\/\/www.sup-shop.berlin\/it\/wp-json\/wp\/v2\/product\/14207"}],"collection":[{"href":"https:\/\/www.sup-shop.berlin\/it\/wp-json\/wp\/v2\/product"}],"about":[{"href":"https:\/\/www.sup-shop.berlin\/it\/wp-json\/wp\/v2\/types\/product"}],"replies":[{"embeddable":true,"href":"https:\/\/www.sup-shop.berlin\/it\/wp-json\/wp\/v2\/comments?post=14207"}],"wp:featuredmedia":[{"embeddable":true,"href":"https:\/\/www.sup-shop.berlin\/it\/wp-json\/wp\/v2\/media\/15210"}],"wp:attachment":[{"href":"https:\/\/www.sup-shop.berlin\/it\/wp-json\/wp\/v2\/media?parent=14207"}],"wp:term":[{"taxonomy":"yst_prominent_words","embeddable":true,"href":"https:\/\/www.sup-shop.berlin\/it\/wp-json\/wp\/v2\/yst_prominent_words?post=14207"}],"curies":[{"name":"wp","href":"https:\/\/api.w.org\/{rel}","templated":true}]}}