{"id":14398,"date":"2020-10-12T11:09:03","date_gmt":"2022-04-26T05:56:17","guid":{"rendered":"https:\/\/www.sup-shop.berlin\/produkt\/2022-giobbe-vizela-9-4\/"},"modified":"2022-04-26T07:56:20","modified_gmt":"2022-04-26T05:56:20","slug":"2022-giobbe-vizela-9-4","status":"publish","type":"product","link":"https:\/\/www.sup-shop.berlin\/it\/produkt\/2022-giobbe-vizela-9-4\/","title":{"rendered":"2022 Giobbe Vizela 9.4"},"content":{"rendered":"\n<div class=\"wp-block-columns\">\n<div class=\"wp-block-column\">\n<h2>vantaggi del prodotto<\/h2>\n\n\n<section class=\"product-benefits\">\n    <ul><li><div><img src=\"https:\/\/www.sup-shop.berlin\/wp-content\/uploads\/2020\/08\/sup-shop_icon-paddler_web_35x35px.png\" title=\"Peso del ciclista\" alt=\"Peso del ciclista\"><\/div><p>Fino a 100 kg di peso del ciclista<\/p>\n<\/li><li><div><img src=\"https:\/\/www.sup-shop.berlin\/wp-content\/uploads\/2020\/08\/sup-shop_icon-kids_web_35x35px.png\" title=\"SUP con i bambini\" alt=\"SUP con i bambini\"><\/div><p>Massimo. 1 bambino in pi\u00f9<\/p>\n<\/li><li><div><img src=\"https:\/\/www.sup-shop.berlin\/wp-content\/uploads\/2020\/08\/sup-shop_icon-dog_web_35x35px.png\" title=\"Tavola SUP con cane\" alt=\"Tavola SUP con cane\"><\/div><p>Adatto con il cane<\/p>\n<\/li><\/ul><\/section><\/div>\n\n\n\n<div class=\"wp-block-column lined-list\">\n<h2>DESCRIZIONE<\/h2>\n\n\n\n<ul><li><strong>Livello:<\/strong> Principiante, Allround e Wave<\/li><li><strong>Popolarit\u00e0:<\/strong> pi\u00f9 popolare tra i surfisti<\/li><li><strong>Corpi idrici:<\/strong> fiumi, laghi, zone costiere<\/li><li><strong>Reti bagagli:<\/strong> 1x davanti<\/li><li><strong>Fornitura:<\/strong> pensione incl. Fin, linea di sicurezza e salva rail<\/li><\/ul>\n\n\n<p><\/p>\n<\/div>\n<\/div>\n\n<div style=\"height:20px\" aria-hidden=\"true\" class=\"wp-block-spacer\"><\/div>\n\n<div class=\"wp-block-columns\">\n<div class=\"wp-block-column lined-list\">\n<h2>DATI DEL PRODOTTO<\/h2>\n\n\n\n<ul><li><strong>Lunghezza:<\/strong> 9&#8217;4&#8221; (2,85 m)<\/li><li><strong>Larghezza:<\/strong> 32&#8243; (81,3 cm)<\/li><li><strong>Altezza:<\/strong> 4,5&#8243; (11,4 cm)<\/li><li><strong>Volume:<\/strong> 150<\/li><li><strong>Peso del ciclista consigliato:<\/strong> fino a 100 kg<\/li><li><strong>Peso tavola:<\/strong> 11 kg<\/li><li><strong>ID prodotto Jobe:<\/strong> 486521001<\/li><li><strong>Fornitura:<\/strong> pensione incl. Pinna con vite US Finbox Pinna principale + 2 pinne laterali per una migliore performance nelle onde<\/li><\/ul><\/div>\n\n\n\n<div class=\"wp-block-column\">\n<h2>Confronto prodotti<\/h2>\n\n\n<section class=\"product-comparison\">\n    <div class=\"container\">\n        <div class=\"row\">\n\n\t        \n                <div class=\"col-sm-4 col-6 offset-md-2 left-box\">\n\t\t\t        <span class=\"headline\">VIZELA<\/span>\n\t\t\t        <img src=\"https:\/\/www.sup-shop.berlin\/wp-content\/uploads\/2020\/10\/Vizela-Vergleich-1-250x400.jpg\" title=\"Vizella\" alt=\"Vizela\">\n                <\/div>\n\n\t        \n\n\t        \n                <div class=\"col-sm-4 col-6\">\n\t\t\t        <span class=\"headline\">VENTURA<\/span>\n\t\t\t        <img src=\"https:\/\/www.sup-shop.berlin\/wp-content\/uploads\/2020\/10\/Ventura-Vergleich-1-250x400.jpg\" title=\"Ventura\" alt=\"\">\n                <\/div>\n\n\t        \n\n\n\n\n\n        <\/div>\n    <\/div>\n<\/section><\/div>\n<\/div>\n\n<div style=\"height:20px\" aria-hidden=\"true\" class=\"wp-block-spacer\"><\/div>\n\n<div class=\"wp-block-columns\">\n<div class=\"wp-block-column\">\n<h3>Stabilit\u00e0 e manovrabilit\u00e0<\/h3>\n\n\n\n<p>Grazie alla sua costruzione corta e abbastanza larga, il Vizela \u00e8 estremamente maneggevole e stabile.<\/p>\n\n\n\n<h3>idoneit\u00e0 alle onde<\/h3>\n\n\n\n<p>Certo, puoi anche colpire le onde con una Ventura, ma la Vizela \u00e8 di gran lunga la tavola dura pi\u00f9 adatta per questo tipo di divertimento.<\/p>\n<\/div>\n\n\n\n<div class=\"wp-block-column\"><section class=\"product-recommend\">\n\n\t<i class=\"far fa-lightbulb\" aria-hidden=\"true\"><\/i><h3>Noi raccomandiamo:<\/h3><p>Hai bisogno di una tavola corta e maneggevole per le onde? Il <strong>Vizela 9.4<\/strong> \u00e8 perfetto per questo! Ma anche come principiante e tuttofare ti divertirai molto con questa tavola.<\/p>\n\n<\/section><\/div>\n<\/div>\n\n<div style=\"height:20px\" aria-hidden=\"true\" class=\"wp-block-spacer\"><\/div>\n<section class=\"product-questions\">\n    <div class=\"row\">\n        <div class=\"col-md-6\">\n\t        <h3>hai domande <\/h3><p>Hai ancora domande? Saremo lieti di consigliarvi personalmente. Mettiti in contatto!<\/p>\n        <\/div>\n\n        <div class=\"col-md-6\">\n            <ul>\n\t\t                    <\/ul>\n        <\/div>\n    <\/div>\n<\/section>\n<div style=\"height:20px\" aria-hidden=\"true\" class=\"wp-block-spacer\"><\/div>\n\n<div class=\"wp-block-columns\">\n<div class=\"wp-block-column\">\n<h2>La nostra esperienza con<br\/>del marchio Jobe<\/h2>\n\n\n\n<p>I clienti del nostro noleggio SUP a Schlachtensee a Berlino sono stati molto soddisfatti delle JOBE BOARDS dal 2015.<br\/>Le robuste tavole di JOBE resistono molto bene all&#8217;uso intenso durante il noleggio. Questo ci d\u00e0 una visione autentica della longevit\u00e0 di queste schede negli anni a venire. I clienti di ritorno nel nostro negozio SUP lo confermano.<\/p>\n<\/div>\n\n\n\n<div class=\"wp-block-column\">\n<figure class=\"wp-block-image size-large\"><img width=\"422\" height=\"422\" src=\"https:\/\/www.sup-shop.berlin\/wp-content\/uploads\/2020\/08\/Mask-Group.png\" alt=\"Stai in piedi pagaiando\" class=\"wp-image-13553\" srcset=\"https:\/\/www.sup-shop.berlin\/wp-content\/uploads\/2020\/08\/Mask-Group.png 422w, https:\/\/www.sup-shop.berlin\/wp-content\/uploads\/2020\/08\/Mask-Group-400x400.png 400w, https:\/\/www.sup-shop.berlin\/wp-content\/uploads\/2020\/08\/Mask-Group-300x300.png 300w, https:\/\/www.sup-shop.berlin\/wp-content\/uploads\/2020\/08\/Mask-Group-100x100.png 100w\" sizes=\"(max-width: 422px) 100vw, 422px\" \/><\/figure><\/div>\n<\/div>\n\n<div style=\"height:20px\" aria-hidden=\"true\" class=\"wp-block-spacer\"><\/div>\n\n<div class=\"wp-block-columns\">\n<div class=\"wp-block-column\">\n<h2>ESPERIENZE DEL CLIENTE<\/h2>\n\n\n\n<p>Le esperienze che i nostri clienti hanno avuto con questo prodotto<\/p>\n<\/div>\n\n\n\n<div class=\"wp-block-column\"><\/div>\n<\/div>\n\n<div style=\"height:20px\" aria-hidden=\"true\" class=\"wp-block-spacer\"><\/div>\n\n<div class=\"wp-block-columns\">\n<div class=\"wp-block-column\">\n<h2>JOBE VIZELA 9.4 &#8211; PERFETTO PER WAVE E ALLROUNDER<\/h2>\n\n\n\n<p>La Jobe Vizela \u00e8 la tavola con la migliore compatibilit\u00e0 con le onde per il SUP in riva al mare.<\/p>\n\n\n\n<p>Con Vizela hai il pannello rigido pi\u00f9 corto della gamma attuale. Hai la massima manovrabilit\u00e0 con esso. Inoltre, la punta della tavola \u00e8 chiaramente piegata. Propriet\u00e0 importanti per tagliare bene le onde. La forma ovale migliora la stabilit\u00e0 e lo spazio per bilanciare la tavola. Sotto la tavola si possono montare due pinne laterali pi\u00f9 piccole oltre alla pinna centrale. Con le pinne aggiuntive, la tavola \u00e8 pi\u00f9 reattiva agli spostamenti di peso e ai cambi di direzione.<\/p>\n<\/div>\n\n\n\n<div class=\"wp-block-column\">\n<p>Tuttavia, la Vizela non \u00e8 solo una tavola wave. \u00c8 altrettanto buono su acque pi\u00f9 calme. Una tavola per l&#8217;appassionato di SUP che \u00e8 anche, ma non solo, in movimento nelle acque costiere.<\/p>\n\n\n\n<p>L&#8217;interno della tavola \u00e8 costituito da EPS Foam Core, che con 15 kg\/m\u00b3 \u00e8 responsabile della leggerezza della tavola. Il vero bamb\u00f9 ricoperto di fibra di vetro combina un aspetto unico e stabilit\u00e0. In caso di urti, i parasassi inclusi garantiscono la migliore protezione ai bordi. Aderenza e comfort: il deck pad con Diamond Shape. Nessun fastidioso avvitamento: la pinna a scatto pu\u00f2 essere facilmente regolata.<\/p>\n\n\n\n<p>Jobe \u00e8 un affermato produttore di marchi con molti anni di esperienza nello sviluppo e nella produzione di tavole da stand up paddle di alta qualit\u00e0. Per il tuo divertimento in acqua e nella natura.<\/p>\n<\/div>\n<\/div>\n","protected":false},"excerpt":{"rendered":"<p><strong>Tavola di bamb\u00f9 esclusiva &#8211; con vero bamb\u00f9!<\/strong><\/p>\n<p><strong>Solo 1 rimasto in stock!<\/strong><\/p>\n<p style=\"text-align: left;\"><strong><span style=\"font-size: 100%;\">Spedizioni <\/span><\/strong><span style=\"font-size: 100%;\">in Germania per \u20ac 49,90 <\/span><strong><span style=\"font-size: 100%;\">o ritiralo oggi stesso nel nostro negozio!<\/span><\/strong> [text-popup title=\"Spedizione o ritiro in negozio\" text=\"La spedizione avviene tramite corriere. Discuteremo la data di consegna con te individualmente dopo aver effettuato l'ordine. Puoi ritirare la tavola presso il nostro negozio gratuitamente durante i nostri orari di apertura. Anche in questo caso ti contatteremo dopo aver effettuato l'ordine.\"]![\/text-popup]<\/p>\n<p style=\"text-align: left;\"> <strong><span style=\"font-size: 100%;\"> Miglior prezzo garantito <\/span><\/strong>[text-popup title=\"La nostra garanzia del miglior prezzo\" text=\"Ti garantiamo il prezzo pi\u00f9 conveniente per questo prodotto. altri rivenditori con sede in Germania. Trovare un affare migliore? Inviaci un link e attendo con ansia la nostra offerta.\"]?[\/text-popup]<\/p>\n<hr>\n<p>Tavola comprensiva di pinna, railsaver e leash<\/p>\n<p>Abbiamo una <a href=\"https:\/\/www.sup-shop.berlin\/produkt\/jobe-bamboo-paddel\/\">pagaia in bamb\u00f9 abbinata<\/a><\/p>\n","protected":false},"featured_media":14399,"comment_status":"open","ping_status":"closed","template":"","meta":[],"yst_prominent_words":[166,1270,190,177,1167,708,295,168,550,1268,191],"_links":{"self":[{"href":"https:\/\/www.sup-shop.berlin\/it\/wp-json\/wp\/v2\/product\/14398"}],"collection":[{"href":"https:\/\/www.sup-shop.berlin\/it\/wp-json\/wp\/v2\/product"}],"about":[{"href":"https:\/\/www.sup-shop.berlin\/it\/wp-json\/wp\/v2\/types\/product"}],"replies":[{"embeddable":true,"href":"https:\/\/www.sup-shop.berlin\/it\/wp-json\/wp\/v2\/comments?post=14398"}],"wp:featuredmedia":[{"embeddable":true,"href":"https:\/\/www.sup-shop.berlin\/it\/wp-json\/wp\/v2\/media\/14399"}],"wp:attachment":[{"href":"https:\/\/www.sup-shop.berlin\/it\/wp-json\/wp\/v2\/media?parent=14398"}],"wp:term":[{"taxonomy":"yst_prominent_words","embeddable":true,"href":"https:\/\/www.sup-shop.berlin\/it\/wp-json\/wp\/v2\/yst_prominent_words?post=14398"}],"curies":[{"name":"wp","href":"https:\/\/api.w.org\/{rel}","templated":true}]}}